{"id":10255,"date":"2025-05-12T09:44:41","date_gmt":"2025-05-12T07:44:41","guid":{"rendered":"https:\/\/danselection.com\/qualitaeten\/"},"modified":"2025-07-14T12:25:41","modified_gmt":"2025-07-14T10:25:41","slug":"qualitaeten","status":"publish","type":"page","link":"https:\/\/danselection.com\/de\/qualitaeten\/","title":{"rendered":"Qualit\u00e4ten"},"content":{"rendered":"\t\t<div data-elementor-type=\"wp-page\" data-elementor-id=\"10255\" class=\"elementor elementor-10255 elementor-9402\" data-elementor-post-type=\"page\">\n\t\t\t\t<div class=\"elementor-element elementor-element-30e2388b e-flex e-con-boxed e-con e-parent\" data-id=\"30e2388b\" data-element_type=\"container\" data-settings=\"{&quot;background_background&quot;:&quot;video&quot;,&quot;background_video_link&quot;:&quot;https:\\\/\\\/gostmediaserviceprod.blob.core.windows.net\\\/asset-ffb9e9c4-50e8-4174-925d-37da35feba90\\\/Video hjemmeside_1920x1080_4700k.mp4&quot;,&quot;background_play_on_mobile&quot;:&quot;yes&quot;}\">\n\t\t\t\t\t<div class=\"e-con-inner\">\n\t\t<div class=\"elementor-background-video-container\">\n\t\t\t\t\t\t\t<video class=\"elementor-background-video-hosted elementor-html5-video\" autoplay muted playsinline loop><\/video>\n\t\t\t\t\t<\/div><div class=\"elementor-element elementor-element-40239665 e-con-full no-padding e-flex e-con e-child\" data-id=\"40239665\" data-element_type=\"container\">\n\t\t<div class=\"elementor-element elementor-element-5ec61bc8 e-con-full no-padding e-flex e-con e-child\" data-id=\"5ec61bc8\" data-element_type=\"container\">\n\t\t\t\t<div class=\"elementor-element elementor-element-760f0fb7 elementor-widget__width-initial elementor-widget elementor-widget-heading\" data-id=\"760f0fb7\" data-element_type=\"widget\" data-widget_type=\"heading.default\">\n\t\t\t\t<div class=\"elementor-widget-container\">\n\t\t\t\t\t<h2 class=\"elementor-heading-title elementor-size-default\">Qualit\u00e4ten <\/h2>\t\t\t\t<\/div>\n\t\t\t\t<\/div>\n\t\t\t\t<\/div>\n\t\t<div class=\"elementor-element elementor-element-4683d2c7 e-con-full no-padding elementor-hidden-mobile e-flex e-con e-child\" data-id=\"4683d2c7\" data-element_type=\"container\">\n\t\t\t\t<\/div>\n\t\t\t\t<\/div>\n\t\t\t\t\t<\/div>\n\t\t\t\t<\/div>\n\t\t<div class=\"elementor-element elementor-element-65bda8ee e-flex e-con-boxed e-con e-parent\" data-id=\"65bda8ee\" data-element_type=\"container\">\n\t\t\t\t\t<div class=\"e-con-inner\">\n\t\t<div class=\"elementor-element elementor-element-55326d00 e-con-full e-flex e-con e-child\" data-id=\"55326d00\" data-element_type=\"container\">\n\t\t\t\t<div class=\"elementor-element elementor-element-596ec6d8 elementor-widget__width-inherit elementor-invisible elementor-widget elementor-widget-heading\" data-id=\"596ec6d8\" data-element_type=\"widget\" data-settings=\"{&quot;_animation&quot;:&quot;fadeInUp&quot;,&quot;_animation_delay&quot;:200}\" data-widget_type=\"heading.default\">\n\t\t\t\t<div class=\"elementor-widget-container\">\n\t\t\t\t\t<h6 class=\"elementor-heading-title elementor-size-default\">DanSelection A\/S<\/h6>\t\t\t\t<\/div>\n\t\t\t\t<\/div>\n\t\t\t\t<div class=\"elementor-element elementor-element-12222ae8 elementor-widget__width-inherit elementor-invisible elementor-widget elementor-widget-heading\" data-id=\"12222ae8\" data-element_type=\"widget\" data-settings=\"{&quot;_animation&quot;:&quot;fadeInUp&quot;,&quot;_animation_delay&quot;:400}\" data-widget_type=\"heading.default\">\n\t\t\t\t<div class=\"elementor-widget-container\">\n\t\t\t\t\t<h1 class=\"elementor-heading-title elementor-size-default\">Wir sorgen f\u00fcr hohe Qualit\u00e4t<\/h1>\t\t\t\t<\/div>\n\t\t\t\t<\/div>\n\t\t\t\t<div class=\"elementor-element elementor-element-7f3cbfe0 elementor-widget__width-inherit elementor-invisible elementor-widget elementor-widget-text-editor\" data-id=\"7f3cbfe0\" data-element_type=\"widget\" data-settings=\"{&quot;_animation&quot;:&quot;fadeInUp&quot;,&quot;_animation_delay&quot;:600}\" data-widget_type=\"text-editor.default\">\n\t\t\t\t<div class=\"elementor-widget-container\">\n\t\t\t\t\t\t\t\t\t<p>In der Branche gibt es viele verschiedene Arten, \u00fcber Qualit\u00e4t zu sprechen \u2013 und wenn man die individuellen Vorlieben der Kunden betrachtet, wird das Bild noch vielf\u00e4ltiger. F\u00fcr unsere Kunden mit kleineren Mengen, die nicht selbst vor Ort sein k\u00f6nnen, um einen bestimmten Standard festzulegen, bieten wir folgende Sortierungen an:<\/p>\n<ul>\n<li>DanSelection\u00ae Prima<\/li>\n<li>DanSelection\u00ae Standard<\/li>\n<li>DanSelection\u00ae Aktion<\/li>\n<\/ul>\n<p>Wenn Sie unsicher sind, k\u00f6nnen Sie sich jederzeit gerne an uns wenden.<\/p>\n\t\t\t\t\t\t\t\t<\/div>\n\t\t\t\t<\/div>\n\t\t\t\t<\/div>\n\t\t<div class=\"elementor-element elementor-element-7063f55c e-con-full e-flex e-con e-child\" data-id=\"7063f55c\" data-element_type=\"container\" data-settings=\"{&quot;background_background&quot;:&quot;classic&quot;}\">\n\t\t\t\t<\/div>\n\t\t\t\t\t<\/div>\n\t\t\t\t<\/div>\n\t\t<div class=\"elementor-element elementor-element-75aa4a9 e-grid dark e-con-boxed e-con e-parent\" data-id=\"75aa4a9\" data-element_type=\"container\" data-settings=\"{&quot;background_background&quot;:&quot;classic&quot;}\">\n\t\t\t\t\t<div class=\"e-con-inner\">\n\t\t<div class=\"elementor-element elementor-element-83522e2 e-con-full e-flex elementor-invisible e-con e-child\" data-id=\"83522e2\" data-element_type=\"container\" data-settings=\"{&quot;motion_fx_motion_fx_scrolling&quot;:&quot;yes&quot;,&quot;animation&quot;:&quot;fadeIn&quot;,&quot;motion_fx_devices&quot;:[&quot;desktop&quot;,&quot;laptop&quot;,&quot;tablet&quot;,&quot;mobile&quot;]}\">\n\t\t\t\t<div class=\"elementor-element elementor-element-3d147f9 elementor-view-default elementor-widget elementor-widget-icon\" data-id=\"3d147f9\" data-element_type=\"widget\" data-widget_type=\"icon.default\">\n\t\t\t\t<div class=\"elementor-widget-container\">\n\t\t\t\t\t\t\t<div class=\"elementor-icon-wrapper\">\n\t\t\t<div class=\"elementor-icon\">\n\t\t\t<i aria-hidden=\"true\" class=\"fad fa-check-double\"><\/i>\t\t\t<\/div>\n\t\t<\/div>\n\t\t\t\t\t\t<\/div>\n\t\t\t\t<\/div>\n\t\t\t\t<div class=\"elementor-element elementor-element-f653729 elementor-widget elementor-widget-heading\" data-id=\"f653729\" data-element_type=\"widget\" data-widget_type=\"heading.default\">\n\t\t\t\t<div class=\"elementor-widget-container\">\n\t\t\t\t\t<h2 class=\"elementor-heading-title elementor-size-default\">Gr\u00fcndliche Kommunikation<\/h2>\t\t\t\t<\/div>\n\t\t\t\t<\/div>\n\t\t\t\t<div class=\"elementor-element elementor-element-af02bcc elementor-widget elementor-widget-text-editor\" data-id=\"af02bcc\" data-element_type=\"widget\" data-widget_type=\"text-editor.default\">\n\t\t\t\t<div class=\"elementor-widget-container\">\n\t\t\t\t\t\t\t\t\t<p>Wir wissen, dass die Bed\u00fcrfnisse und W\u00fcnsche unserer Kunden unterschiedlich sein k\u00f6nnen. Deshalb besprechen wir dies immer zun\u00e4chst mit Ihnen.<\/p>\n\t\t\t\t\t\t\t\t<\/div>\n\t\t\t\t<\/div>\n\t\t\t\t<\/div>\n\t\t<div class=\"elementor-element elementor-element-a0a36bf e-con-full e-flex elementor-invisible e-con e-child\" data-id=\"a0a36bf\" data-element_type=\"container\" data-settings=\"{&quot;motion_fx_motion_fx_scrolling&quot;:&quot;yes&quot;,&quot;animation&quot;:&quot;fadeIn&quot;,&quot;motion_fx_devices&quot;:[&quot;desktop&quot;,&quot;laptop&quot;,&quot;tablet&quot;,&quot;mobile&quot;]}\">\n\t\t\t\t<div class=\"elementor-element elementor-element-181ed02 elementor-view-default elementor-widget elementor-widget-icon\" data-id=\"181ed02\" data-element_type=\"widget\" data-widget_type=\"icon.default\">\n\t\t\t\t<div class=\"elementor-widget-container\">\n\t\t\t\t\t\t\t<div class=\"elementor-icon-wrapper\">\n\t\t\t<div class=\"elementor-icon\">\n\t\t\t<i aria-hidden=\"true\" class=\"fad fa-badge-check\"><\/i>\t\t\t<\/div>\n\t\t<\/div>\n\t\t\t\t\t\t<\/div>\n\t\t\t\t<\/div>\n\t\t\t\t<div class=\"elementor-element elementor-element-17c3d55 elementor-widget elementor-widget-heading\" data-id=\"17c3d55\" data-element_type=\"widget\" data-widget_type=\"heading.default\">\n\t\t\t\t<div class=\"elementor-widget-container\">\n\t\t\t\t\t<h2 class=\"elementor-heading-title elementor-size-default\">Hohe Qualit\u00e4t<\/h2>\t\t\t\t<\/div>\n\t\t\t\t<\/div>\n\t\t\t\t<div class=\"elementor-element elementor-element-52112cb elementor-widget elementor-widget-text-editor\" data-id=\"52112cb\" data-element_type=\"widget\" data-widget_type=\"text-editor.default\">\n\t\t\t\t<div class=\"elementor-widget-container\">\n\t\t\t\t\t\t\t\t\t<p>Bei uns k\u00f6nnen Sie sich stets auf guten Service und hohe Qualit\u00e4t verlassen. Wir beenden einen Auftrag erst, wenn er zu 100 % abgeschlossen ist und beide Parteien mit dem Ergebnis zufrieden sind.<\/p>\n\t\t\t\t\t\t\t\t<\/div>\n\t\t\t\t<\/div>\n\t\t\t\t<\/div>\n\t\t<div class=\"elementor-element elementor-element-6e6e245 e-con-full e-flex elementor-invisible e-con e-child\" data-id=\"6e6e245\" data-element_type=\"container\" data-settings=\"{&quot;motion_fx_motion_fx_scrolling&quot;:&quot;yes&quot;,&quot;animation&quot;:&quot;fadeIn&quot;,&quot;motion_fx_devices&quot;:[&quot;desktop&quot;,&quot;laptop&quot;,&quot;tablet&quot;,&quot;mobile&quot;]}\">\n\t\t\t\t<div class=\"elementor-element elementor-element-b416311 elementor-view-default elementor-widget elementor-widget-icon\" data-id=\"b416311\" data-element_type=\"widget\" data-widget_type=\"icon.default\">\n\t\t\t\t<div class=\"elementor-widget-container\">\n\t\t\t\t\t\t\t<div class=\"elementor-icon-wrapper\">\n\t\t\t<div class=\"elementor-icon\">\n\t\t\t<i aria-hidden=\"true\" class=\"fad fa-handshake\"><\/i>\t\t\t<\/div>\n\t\t<\/div>\n\t\t\t\t\t\t<\/div>\n\t\t\t\t<\/div>\n\t\t\t\t<div class=\"elementor-element elementor-element-7995334 elementor-widget elementor-widget-heading\" data-id=\"7995334\" data-element_type=\"widget\" data-widget_type=\"heading.default\">\n\t\t\t\t<div class=\"elementor-widget-container\">\n\t\t\t\t\t<h2 class=\"elementor-heading-title elementor-size-default\">Enger Dialog<\/h2>\t\t\t\t<\/div>\n\t\t\t\t<\/div>\n\t\t\t\t<div class=\"elementor-element elementor-element-c2decc1 elementor-widget elementor-widget-text-editor\" data-id=\"c2decc1\" data-element_type=\"widget\" data-widget_type=\"text-editor.default\">\n\t\t\t\t<div class=\"elementor-widget-container\">\n\t\t\t\t\t\t\t\t\t<p>Sobald wir mit der Arbeit begonnen haben, gehen wir bei Qualit\u00e4t und Service keine Kompromisse ein. Wir begleiten jeden Auftrag zu 100 % bis zum Abschluss und legen gr\u00f6\u00dften Wert darauf, alle Vereinbarungen einzuhalten \u2013 vom Preis bis zur Deadline.<\/p>\n\t\t\t\t\t\t\t\t<\/div>\n\t\t\t\t<\/div>\n\t\t\t\t<\/div>\n\t\t\t\t\t<\/div>\n\t\t\t\t<\/div>\n\t\t\t\t<\/div>\n\t\t","protected":false},"excerpt":{"rendered":"<p>Qualit\u00e4ten DanSelection A\/S Wir sorgen f\u00fcr hohe Qualit\u00e4t In der Branche gibt es viele verschiedene Arten, \u00fcber Qualit\u00e4t zu sprechen \u2013 und wenn man die individuellen Vorlieben der Kunden betrachtet, wird das Bild noch vielf\u00e4ltiger. F\u00fcr unsere Kunden mit kleineren Mengen, die nicht selbst vor Ort sein k\u00f6nnen, um einen bestimmten Standard festzulegen, bieten wir &#8230; <a title=\"Qualit\u00e4ten\" class=\"read-more\" href=\"https:\/\/danselection.com\/de\/qualitaeten\/\" aria-label=\"Mehr Informationen \u00fcber Qualit\u00e4ten\">Weiterlesen &#8230;<\/a><\/p>\n","protected":false},"author":5,"featured_media":10036,"parent":0,"menu_order":1001,"comment_status":"closed","ping_status":"closed","template":"","meta":{"_acf_changed":false,"footnotes":""},"categories":[],"class_list":["post-10255","page","type-page","status-publish","has-post-thumbnail"],"acf":[],"yoast_head":"<!-- This site is optimized with the Yoast SEO plugin v27.2 - https:\/\/yoast.com\/product\/yoast-seo-wordpress\/ -->\n<title>Qualit\u00e4ten | DanSelection A\/S<\/title>\n<meta name=\"robots\" content=\"index, follow, max-snippet:-1, max-image-preview:large, max-video-preview:-1\" \/>\n<link rel=\"canonical\" href=\"https:\/\/danselection.com\/de\/qualitaeten\/\" \/>\n<meta property=\"og:locale\" content=\"de_DE\" \/>\n<meta property=\"og:type\" content=\"article\" \/>\n<meta property=\"og:title\" content=\"Qualit\u00e4ten | DanSelection A\/S\" \/>\n<meta property=\"og:description\" content=\"Qualit\u00e4ten DanSelection A\/S Wir sorgen f\u00fcr hohe Qualit\u00e4t In der Branche gibt es viele verschiedene Arten, \u00fcber Qualit\u00e4t zu sprechen \u2013 und wenn man die individuellen Vorlieben der Kunden betrachtet, wird das Bild noch vielf\u00e4ltiger. F\u00fcr unsere Kunden mit kleineren Mengen, die nicht selbst vor Ort sein k\u00f6nnen, um einen bestimmten Standard festzulegen, bieten wir ... Weiterlesen ...\" \/>\n<meta property=\"og:url\" content=\"https:\/\/danselection.com\/de\/qualitaeten\/\" \/>\n<meta property=\"og:site_name\" content=\"DanSelection A\/S\" \/>\n<meta property=\"article:modified_time\" content=\"2025-07-14T10:25:41+00:00\" \/>\n<meta property=\"og:image\" content=\"https:\/\/danselection.com\/wp-content\/uploads\/2025\/05\/img-4854-scaled-1.jpg\" \/>\n\t<meta property=\"og:image:width\" content=\"2048\" \/>\n\t<meta property=\"og:image:height\" content=\"1536\" \/>\n\t<meta property=\"og:image:type\" content=\"image\/jpeg\" \/>\n<meta name=\"twitter:card\" content=\"summary_large_image\" \/>\n<meta name=\"twitter:label1\" content=\"Gesch\u00e4tzte Lesezeit\" \/>\n\t<meta name=\"twitter:data1\" content=\"1\u00a0Minute\" \/>\n<script type=\"application\/ld+json\" class=\"yoast-schema-graph\">{\"@context\":\"https:\/\/schema.org\",\"@graph\":[{\"@type\":\"WebPage\",\"@id\":\"https:\/\/danselection.com\/de\/qualitaeten\/\",\"url\":\"https:\/\/danselection.com\/de\/qualitaeten\/\",\"name\":\"Qualit\u00e4ten | DanSelection A\/S\",\"isPartOf\":{\"@id\":\"https:\/\/danselection.com\/#website\"},\"primaryImageOfPage\":{\"@id\":\"https:\/\/danselection.com\/de\/qualitaeten\/#primaryimage\"},\"image\":{\"@id\":\"https:\/\/danselection.com\/de\/qualitaeten\/#primaryimage\"},\"thumbnailUrl\":\"https:\/\/danselection.com\/wp-content\/uploads\/2025\/05\/img-4854-scaled-1.jpg\",\"datePublished\":\"2025-05-12T07:44:41+00:00\",\"dateModified\":\"2025-07-14T10:25:41+00:00\",\"breadcrumb\":{\"@id\":\"https:\/\/danselection.com\/de\/qualitaeten\/#breadcrumb\"},\"inLanguage\":\"de\",\"potentialAction\":[{\"@type\":\"ReadAction\",\"target\":[\"https:\/\/danselection.com\/de\/qualitaeten\/\"]}]},{\"@type\":\"ImageObject\",\"inLanguage\":\"de\",\"@id\":\"https:\/\/danselection.com\/de\/qualitaeten\/#primaryimage\",\"url\":\"https:\/\/danselection.com\/wp-content\/uploads\/2025\/05\/img-4854-scaled-1.jpg\",\"contentUrl\":\"https:\/\/danselection.com\/wp-content\/uploads\/2025\/05\/img-4854-scaled-1.jpg\",\"width\":2048,\"height\":1536},{\"@type\":\"BreadcrumbList\",\"@id\":\"https:\/\/danselection.com\/de\/qualitaeten\/#breadcrumb\",\"itemListElement\":[{\"@type\":\"ListItem\",\"position\":1,\"name\":\"Forside\",\"item\":\"https:\/\/danselection.com\/\"},{\"@type\":\"ListItem\",\"position\":2,\"name\":\"Qualit\u00e4ten\"}]},{\"@type\":\"WebSite\",\"@id\":\"https:\/\/danselection.com\/#website\",\"url\":\"https:\/\/danselection.com\/\",\"name\":\"DanSelection A\/S\",\"description\":\"Engrosvirksomhed inden for danske juletr\u00e6er\",\"publisher\":{\"@id\":\"https:\/\/danselection.com\/#organization\"},\"potentialAction\":[{\"@type\":\"SearchAction\",\"target\":{\"@type\":\"EntryPoint\",\"urlTemplate\":\"https:\/\/danselection.com\/?s={search_term_string}\"},\"query-input\":{\"@type\":\"PropertyValueSpecification\",\"valueRequired\":true,\"valueName\":\"search_term_string\"}}],\"inLanguage\":\"de\"},{\"@type\":\"Organization\",\"@id\":\"https:\/\/danselection.com\/#organization\",\"name\":\"DanSelection A\/S\",\"url\":\"https:\/\/danselection.com\/\",\"logo\":{\"@type\":\"ImageObject\",\"inLanguage\":\"de\",\"@id\":\"https:\/\/danselection.com\/#\/schema\/logo\/image\/\",\"url\":\"https:\/\/danselection.com\/wp-content\/uploads\/2025\/05\/logo-sort.png\",\"contentUrl\":\"https:\/\/danselection.com\/wp-content\/uploads\/2025\/05\/logo-sort.png\",\"width\":520,\"height\":386,\"caption\":\"DanSelection A\/S\"},\"image\":{\"@id\":\"https:\/\/danselection.com\/#\/schema\/logo\/image\/\"}}]}<\/script>\n<!-- \/ Yoast SEO plugin. -->","yoast_head_json":{"title":"Qualit\u00e4ten | DanSelection A\/S","robots":{"index":"index","follow":"follow","max-snippet":"max-snippet:-1","max-image-preview":"max-image-preview:large","max-video-preview":"max-video-preview:-1"},"canonical":"https:\/\/danselection.com\/de\/qualitaeten\/","og_locale":"de_DE","og_type":"article","og_title":"Qualit\u00e4ten | DanSelection A\/S","og_description":"Qualit\u00e4ten DanSelection A\/S Wir sorgen f\u00fcr hohe Qualit\u00e4t In der Branche gibt es viele verschiedene Arten, \u00fcber Qualit\u00e4t zu sprechen \u2013 und wenn man die individuellen Vorlieben der Kunden betrachtet, wird das Bild noch vielf\u00e4ltiger. F\u00fcr unsere Kunden mit kleineren Mengen, die nicht selbst vor Ort sein k\u00f6nnen, um einen bestimmten Standard festzulegen, bieten wir ... Weiterlesen ...","og_url":"https:\/\/danselection.com\/de\/qualitaeten\/","og_site_name":"DanSelection A\/S","article_modified_time":"2025-07-14T10:25:41+00:00","og_image":[{"width":2048,"height":1536,"url":"https:\/\/danselection.com\/wp-content\/uploads\/2025\/05\/img-4854-scaled-1.jpg","type":"image\/jpeg"}],"twitter_card":"summary_large_image","twitter_misc":{"Gesch\u00e4tzte Lesezeit":"1\u00a0Minute"},"schema":{"@context":"https:\/\/schema.org","@graph":[{"@type":"WebPage","@id":"https:\/\/danselection.com\/de\/qualitaeten\/","url":"https:\/\/danselection.com\/de\/qualitaeten\/","name":"Qualit\u00e4ten | DanSelection A\/S","isPartOf":{"@id":"https:\/\/danselection.com\/#website"},"primaryImageOfPage":{"@id":"https:\/\/danselection.com\/de\/qualitaeten\/#primaryimage"},"image":{"@id":"https:\/\/danselection.com\/de\/qualitaeten\/#primaryimage"},"thumbnailUrl":"https:\/\/danselection.com\/wp-content\/uploads\/2025\/05\/img-4854-scaled-1.jpg","datePublished":"2025-05-12T07:44:41+00:00","dateModified":"2025-07-14T10:25:41+00:00","breadcrumb":{"@id":"https:\/\/danselection.com\/de\/qualitaeten\/#breadcrumb"},"inLanguage":"de","potentialAction":[{"@type":"ReadAction","target":["https:\/\/danselection.com\/de\/qualitaeten\/"]}]},{"@type":"ImageObject","inLanguage":"de","@id":"https:\/\/danselection.com\/de\/qualitaeten\/#primaryimage","url":"https:\/\/danselection.com\/wp-content\/uploads\/2025\/05\/img-4854-scaled-1.jpg","contentUrl":"https:\/\/danselection.com\/wp-content\/uploads\/2025\/05\/img-4854-scaled-1.jpg","width":2048,"height":1536},{"@type":"BreadcrumbList","@id":"https:\/\/danselection.com\/de\/qualitaeten\/#breadcrumb","itemListElement":[{"@type":"ListItem","position":1,"name":"Forside","item":"https:\/\/danselection.com\/"},{"@type":"ListItem","position":2,"name":"Qualit\u00e4ten"}]},{"@type":"WebSite","@id":"https:\/\/danselection.com\/#website","url":"https:\/\/danselection.com\/","name":"DanSelection A\/S","description":"Engrosvirksomhed inden for danske juletr\u00e6er","publisher":{"@id":"https:\/\/danselection.com\/#organization"},"potentialAction":[{"@type":"SearchAction","target":{"@type":"EntryPoint","urlTemplate":"https:\/\/danselection.com\/?s={search_term_string}"},"query-input":{"@type":"PropertyValueSpecification","valueRequired":true,"valueName":"search_term_string"}}],"inLanguage":"de"},{"@type":"Organization","@id":"https:\/\/danselection.com\/#organization","name":"DanSelection A\/S","url":"https:\/\/danselection.com\/","logo":{"@type":"ImageObject","inLanguage":"de","@id":"https:\/\/danselection.com\/#\/schema\/logo\/image\/","url":"https:\/\/danselection.com\/wp-content\/uploads\/2025\/05\/logo-sort.png","contentUrl":"https:\/\/danselection.com\/wp-content\/uploads\/2025\/05\/logo-sort.png","width":520,"height":386,"caption":"DanSelection A\/S"},"image":{"@id":"https:\/\/danselection.com\/#\/schema\/logo\/image\/"}}]}},"_links":{"self":[{"href":"https:\/\/danselection.com\/de\/wp-json\/wp\/v2\/pages\/10255","targetHints":{"allow":["GET"]}}],"collection":[{"href":"https:\/\/danselection.com\/de\/wp-json\/wp\/v2\/pages"}],"about":[{"href":"https:\/\/danselection.com\/de\/wp-json\/wp\/v2\/types\/page"}],"author":[{"embeddable":true,"href":"https:\/\/danselection.com\/de\/wp-json\/wp\/v2\/users\/5"}],"replies":[{"embeddable":true,"href":"https:\/\/danselection.com\/de\/wp-json\/wp\/v2\/comments?post=10255"}],"version-history":[{"count":1,"href":"https:\/\/danselection.com\/de\/wp-json\/wp\/v2\/pages\/10255\/revisions"}],"predecessor-version":[{"id":10256,"href":"https:\/\/danselection.com\/de\/wp-json\/wp\/v2\/pages\/10255\/revisions\/10256"}],"wp:featuredmedia":[{"embeddable":true,"href":"https:\/\/danselection.com\/de\/wp-json\/wp\/v2\/media\/10036"}],"wp:attachment":[{"href":"https:\/\/danselection.com\/de\/wp-json\/wp\/v2\/media?parent=10255"}],"wp:term":[{"taxonomy":"category","embeddable":true,"href":"https:\/\/danselection.com\/de\/wp-json\/wp\/v2\/categories?post=10255"}],"curies":[{"name":"wp","href":"https:\/\/api.w.org\/{rel}","templated":true}]}}