{"id":10259,"date":"2025-05-12T09:44:41","date_gmt":"2025-05-12T07:44:41","guid":{"rendered":"https:\/\/danselection.com\/topfgewachsene-baeume-und-baeume-mit-staender\/"},"modified":"2025-07-14T12:28:26","modified_gmt":"2025-07-14T10:28:26","slug":"topfgewachsene-baeume-und-baeume-mit-staender","status":"publish","type":"page","link":"https:\/\/danselection.com\/de\/topfgewachsene-baeume-und-baeume-mit-staender\/","title":{"rendered":"Topfgewachsene B\u00e4ume und B\u00e4ume mit St\u00e4nder"},"content":{"rendered":"\t\t<div data-elementor-type=\"wp-page\" data-elementor-id=\"10259\" class=\"elementor elementor-10259 elementor-9403\" data-elementor-post-type=\"page\">\n\t\t\t\t<div class=\"elementor-element elementor-element-65551b3a e-flex e-con-boxed e-con e-parent\" data-id=\"65551b3a\" data-element_type=\"container\" data-settings=\"{&quot;background_background&quot;:&quot;video&quot;,&quot;background_video_link&quot;:&quot;https:\\\/\\\/gostmediaserviceprod.blob.core.windows.net\\\/asset-ffb9e9c4-50e8-4174-925d-37da35feba90\\\/Video hjemmeside_1920x1080_4700k.mp4&quot;,&quot;background_play_on_mobile&quot;:&quot;yes&quot;}\">\n\t\t\t\t\t<div class=\"e-con-inner\">\n\t\t<div class=\"elementor-background-video-container\">\n\t\t\t\t\t\t\t<video class=\"elementor-background-video-hosted elementor-html5-video\" autoplay muted playsinline loop><\/video>\n\t\t\t\t\t<\/div><div class=\"elementor-element elementor-element-5a2fcb26 e-con-full no-padding e-flex e-con e-child\" data-id=\"5a2fcb26\" data-element_type=\"container\">\n\t\t<div class=\"elementor-element elementor-element-1fdf6200 e-con-full no-padding e-flex e-con e-child\" data-id=\"1fdf6200\" data-element_type=\"container\">\n\t\t\t\t<div class=\"elementor-element elementor-element-42931ced elementor-widget__width-initial elementor-widget elementor-widget-heading\" data-id=\"42931ced\" data-element_type=\"widget\" data-widget_type=\"heading.default\">\n\t\t\t\t<div class=\"elementor-widget-container\">\n\t\t\t\t\t<h2 class=\"elementor-heading-title elementor-size-default\">Topfgewachsene B\u00e4ume und B\u00e4ume mit St\u00e4nder <\/h2>\t\t\t\t<\/div>\n\t\t\t\t<\/div>\n\t\t\t\t<\/div>\n\t\t<div class=\"elementor-element elementor-element-dd44ab0 e-con-full no-padding elementor-hidden-mobile e-flex e-con e-child\" data-id=\"dd44ab0\" data-element_type=\"container\">\n\t\t\t\t<\/div>\n\t\t\t\t<\/div>\n\t\t\t\t\t<\/div>\n\t\t\t\t<\/div>\n\t\t<div class=\"elementor-element elementor-element-6887c443 e-flex e-con-boxed e-con e-parent\" data-id=\"6887c443\" data-element_type=\"container\">\n\t\t\t\t\t<div class=\"e-con-inner\">\n\t\t<div class=\"elementor-element elementor-element-727e297d e-con-full e-flex e-con e-child\" data-id=\"727e297d\" data-element_type=\"container\">\n\t\t\t\t<div class=\"elementor-element elementor-element-3ea78d5a elementor-widget__width-inherit elementor-invisible elementor-widget elementor-widget-heading\" data-id=\"3ea78d5a\" data-element_type=\"widget\" data-settings=\"{&quot;_animation&quot;:&quot;fadeInUp&quot;,&quot;_animation_delay&quot;:200}\" data-widget_type=\"heading.default\">\n\t\t\t\t<div class=\"elementor-widget-container\">\n\t\t\t\t\t<h6 class=\"elementor-heading-title elementor-size-default\">DanSelection A\/S<\/h6>\t\t\t\t<\/div>\n\t\t\t\t<\/div>\n\t\t\t\t<div class=\"elementor-element elementor-element-5d76a2ca elementor-widget__width-inherit elementor-invisible elementor-widget elementor-widget-heading\" data-id=\"5d76a2ca\" data-element_type=\"widget\" data-settings=\"{&quot;_animation&quot;:&quot;fadeInUp&quot;,&quot;_animation_delay&quot;:400}\" data-widget_type=\"heading.default\">\n\t\t\t\t<div class=\"elementor-widget-container\">\n\t\t\t\t\t<h1 class=\"elementor-heading-title elementor-size-default\">Wir bieten Topfpflanzen und stehende B\u00e4ume<\/h1>\t\t\t\t<\/div>\n\t\t\t\t<\/div>\n\t\t\t\t<div class=\"elementor-element elementor-element-755b72f2 elementor-widget__width-inherit elementor-invisible elementor-widget elementor-widget-text-editor\" data-id=\"755b72f2\" data-element_type=\"widget\" data-settings=\"{&quot;_animation&quot;:&quot;fadeInUp&quot;,&quot;_animation_delay&quot;:600}\" data-widget_type=\"text-editor.default\">\n\t\t\t\t<div class=\"elementor-widget-container\">\n\t\t\t\t\t\t\t\t\t<h2>Topfgewachsene B\u00e4ume<\/h2>\n<p>Wir bieten topfgewachsene Weihnachtsb\u00e4ume in verschiedenen Qualit\u00e4ten an, die perfekt f\u00fcr den Au\u00dfenbereich auf der Terrasse, im Garten oder am Eingang geeignet sind. Die B\u00e4ume sind in verschiedenen H\u00f6hen erh\u00e4ltlich, sodass Sie den passenden Baum f\u00fcr Ihren Platz ausw\u00e4hlen k\u00f6nnen. Nach Weihnachten k\u00f6nnen die B\u00e4ume direkt in die Erde gepflanzt werden, wo sie weiterwachsen und viele Jahre Freude bereiten. Topfgewachsene Weihnachtsb\u00e4ume sind eine umweltfreundliche Alternative zu traditionell gef\u00e4llten B\u00e4umen und verleihen Ihrem Au\u00dfenbereich den ganzen Winter \u00fcber einen lebendigen, gr\u00fcnen Akzent.<\/p>\n\t\t\t\t\t\t\t\t<\/div>\n\t\t\t\t<\/div>\n\t\t\t\t<\/div>\n\t\t<div class=\"elementor-element elementor-element-d34ee99 e-con-full e-flex e-con e-child\" data-id=\"d34ee99\" data-element_type=\"container\" data-settings=\"{&quot;background_background&quot;:&quot;classic&quot;}\">\n\t\t\t\t<\/div>\n\t\t\t\t\t<\/div>\n\t\t\t\t<\/div>\n\t\t<div class=\"elementor-element elementor-element-3f324d1c e-flex e-con-boxed e-con e-parent\" data-id=\"3f324d1c\" data-element_type=\"container\">\n\t\t\t\t\t<div class=\"e-con-inner\">\n\t\t<div class=\"elementor-element elementor-element-b9cdfca e-con-full e-flex e-con e-child\" data-id=\"b9cdfca\" data-element_type=\"container\" data-settings=\"{&quot;background_background&quot;:&quot;classic&quot;}\">\n\t\t\t\t<\/div>\n\t\t<div class=\"elementor-element elementor-element-55f8aeec e-con-full e-flex e-con e-child\" data-id=\"55f8aeec\" data-element_type=\"container\">\n\t\t\t\t<div class=\"elementor-element elementor-element-128d80d1 elementor-widget__width-inherit elementor-invisible elementor-widget elementor-widget-heading\" data-id=\"128d80d1\" data-element_type=\"widget\" data-settings=\"{&quot;_animation&quot;:&quot;fadeInUp&quot;,&quot;_animation_delay&quot;:200}\" data-widget_type=\"heading.default\">\n\t\t\t\t<div class=\"elementor-widget-container\">\n\t\t\t\t\t<h6 class=\"elementor-heading-title elementor-size-default\">100% Kundenzufriedenheit<\/h6>\t\t\t\t<\/div>\n\t\t\t\t<\/div>\n\t\t\t\t<div class=\"elementor-element elementor-element-c281efd elementor-widget__width-inherit elementor-invisible elementor-widget elementor-widget-text-editor\" data-id=\"c281efd\" data-element_type=\"widget\" data-settings=\"{&quot;_animation&quot;:&quot;fadeInUp&quot;,&quot;_animation_delay&quot;:400}\" data-widget_type=\"text-editor.default\">\n\t\t\t\t<div class=\"elementor-widget-container\">\n\t\t\t\t\t\t\t\t\t<h2>B\u00e4ume mit St\u00e4nder<\/h2>\n<p>Wir verkaufen kleine Weihnachtsb\u00e4ume mit St\u00e4nder, die sich einfach aufstellen und sowohl drinnen als auch drau\u00dfen schm\u00fccken lassen. Die St\u00e4nder f\u00fcr die B\u00e4ume werden in einer gesch\u00fctzten Werkstatt auf F\u00fcnen handgefertigt, wo wir soziale Wohnheime aktiv unterst\u00fctzen und sinnvolle Besch\u00e4ftigungsm\u00f6glichkeiten f\u00fcr Menschen mit besonderen Bed\u00fcrfnissen schaffen. So verbinden wir Qualit\u00e4t und Verantwortung in unseren Produkten.<\/p>\n\t\t\t\t\t\t\t\t<\/div>\n\t\t\t\t<\/div>\n\t\t\t\t<\/div>\n\t\t\t\t\t<\/div>\n\t\t\t\t<\/div>\n\t\t<div class=\"elementor-element elementor-element-fc66d6a e-grid dark e-con-boxed e-con e-parent\" data-id=\"fc66d6a\" data-element_type=\"container\" data-settings=\"{&quot;background_background&quot;:&quot;classic&quot;}\">\n\t\t\t\t\t<div class=\"e-con-inner\">\n\t\t<div class=\"elementor-element elementor-element-241f95e e-con-full e-flex elementor-invisible e-con e-child\" data-id=\"241f95e\" data-element_type=\"container\" data-settings=\"{&quot;motion_fx_motion_fx_scrolling&quot;:&quot;yes&quot;,&quot;animation&quot;:&quot;fadeIn&quot;,&quot;motion_fx_devices&quot;:[&quot;desktop&quot;,&quot;laptop&quot;,&quot;tablet&quot;,&quot;mobile&quot;]}\">\n\t\t\t\t<div class=\"elementor-element elementor-element-f7f8e25 elementor-view-default elementor-widget elementor-widget-icon\" data-id=\"f7f8e25\" data-element_type=\"widget\" data-widget_type=\"icon.default\">\n\t\t\t\t<div class=\"elementor-widget-container\">\n\t\t\t\t\t\t\t<div class=\"elementor-icon-wrapper\">\n\t\t\t<div class=\"elementor-icon\">\n\t\t\t<i aria-hidden=\"true\" class=\"fad fa-check-double\"><\/i>\t\t\t<\/div>\n\t\t<\/div>\n\t\t\t\t\t\t<\/div>\n\t\t\t\t<\/div>\n\t\t\t\t<div class=\"elementor-element elementor-element-a087b2e elementor-widget elementor-widget-heading\" data-id=\"a087b2e\" data-element_type=\"widget\" data-widget_type=\"heading.default\">\n\t\t\t\t<div class=\"elementor-widget-container\">\n\t\t\t\t\t<h2 class=\"elementor-heading-title elementor-size-default\">Gr\u00fcndliche Kommunikation<\/h2>\t\t\t\t<\/div>\n\t\t\t\t<\/div>\n\t\t\t\t<div class=\"elementor-element elementor-element-f974275 elementor-widget elementor-widget-text-editor\" data-id=\"f974275\" data-element_type=\"widget\" data-widget_type=\"text-editor.default\">\n\t\t\t\t<div class=\"elementor-widget-container\">\n\t\t\t\t\t\t\t\t\t<p>Wir wissen, dass die Bed\u00fcrfnisse und W\u00fcnsche unserer Kunden unterschiedlich sein k\u00f6nnen. Deshalb besprechen wir dies immer zun\u00e4chst mit Ihnen.<\/p>\n\t\t\t\t\t\t\t\t<\/div>\n\t\t\t\t<\/div>\n\t\t\t\t<\/div>\n\t\t<div class=\"elementor-element elementor-element-4e31d22 e-con-full e-flex elementor-invisible e-con e-child\" data-id=\"4e31d22\" data-element_type=\"container\" data-settings=\"{&quot;motion_fx_motion_fx_scrolling&quot;:&quot;yes&quot;,&quot;animation&quot;:&quot;fadeIn&quot;,&quot;motion_fx_devices&quot;:[&quot;desktop&quot;,&quot;laptop&quot;,&quot;tablet&quot;,&quot;mobile&quot;]}\">\n\t\t\t\t<div class=\"elementor-element elementor-element-3dbb531 elementor-view-default elementor-widget elementor-widget-icon\" data-id=\"3dbb531\" data-element_type=\"widget\" data-widget_type=\"icon.default\">\n\t\t\t\t<div class=\"elementor-widget-container\">\n\t\t\t\t\t\t\t<div class=\"elementor-icon-wrapper\">\n\t\t\t<div class=\"elementor-icon\">\n\t\t\t<i aria-hidden=\"true\" class=\"fad fa-badge-check\"><\/i>\t\t\t<\/div>\n\t\t<\/div>\n\t\t\t\t\t\t<\/div>\n\t\t\t\t<\/div>\n\t\t\t\t<div class=\"elementor-element elementor-element-7173b80 elementor-widget elementor-widget-heading\" data-id=\"7173b80\" data-element_type=\"widget\" data-widget_type=\"heading.default\">\n\t\t\t\t<div class=\"elementor-widget-container\">\n\t\t\t\t\t<h2 class=\"elementor-heading-title elementor-size-default\">Hohe Qualit\u00e4t<\/h2>\t\t\t\t<\/div>\n\t\t\t\t<\/div>\n\t\t\t\t<div class=\"elementor-element elementor-element-ef7f9d4 elementor-widget elementor-widget-text-editor\" data-id=\"ef7f9d4\" data-element_type=\"widget\" data-widget_type=\"text-editor.default\">\n\t\t\t\t<div class=\"elementor-widget-container\">\n\t\t\t\t\t\t\t\t\t<p>Bei uns k\u00f6nnen Sie sich stets auf guten Service und hohe Qualit\u00e4t verlassen. Wir beenden einen Auftrag erst, wenn er zu 100 % abgeschlossen ist und beide Parteien mit dem Ergebnis zufrieden sind.<\/p>\n\t\t\t\t\t\t\t\t<\/div>\n\t\t\t\t<\/div>\n\t\t\t\t<\/div>\n\t\t<div class=\"elementor-element elementor-element-f67fd6d e-con-full e-flex elementor-invisible e-con e-child\" data-id=\"f67fd6d\" data-element_type=\"container\" data-settings=\"{&quot;motion_fx_motion_fx_scrolling&quot;:&quot;yes&quot;,&quot;animation&quot;:&quot;fadeIn&quot;,&quot;motion_fx_devices&quot;:[&quot;desktop&quot;,&quot;laptop&quot;,&quot;tablet&quot;,&quot;mobile&quot;]}\">\n\t\t\t\t<div class=\"elementor-element elementor-element-e7c6dbf elementor-view-default elementor-widget elementor-widget-icon\" data-id=\"e7c6dbf\" data-element_type=\"widget\" data-widget_type=\"icon.default\">\n\t\t\t\t<div class=\"elementor-widget-container\">\n\t\t\t\t\t\t\t<div class=\"elementor-icon-wrapper\">\n\t\t\t<div class=\"elementor-icon\">\n\t\t\t<i aria-hidden=\"true\" class=\"fad fa-handshake\"><\/i>\t\t\t<\/div>\n\t\t<\/div>\n\t\t\t\t\t\t<\/div>\n\t\t\t\t<\/div>\n\t\t\t\t<div class=\"elementor-element elementor-element-755bccc elementor-widget elementor-widget-heading\" data-id=\"755bccc\" data-element_type=\"widget\" data-widget_type=\"heading.default\">\n\t\t\t\t<div class=\"elementor-widget-container\">\n\t\t\t\t\t<h2 class=\"elementor-heading-title elementor-size-default\">Enger Dialog<\/h2>\t\t\t\t<\/div>\n\t\t\t\t<\/div>\n\t\t\t\t<div class=\"elementor-element elementor-element-70c6ebc elementor-widget elementor-widget-text-editor\" data-id=\"70c6ebc\" data-element_type=\"widget\" data-widget_type=\"text-editor.default\">\n\t\t\t\t<div class=\"elementor-widget-container\">\n\t\t\t\t\t\t\t\t\t<p>Sobald wir mit der Arbeit begonnen haben, gehen wir bei Qualit\u00e4t und Service keine Kompromisse ein. Wir begleiten jeden Auftrag zu 100 % bis zum Abschluss und legen gr\u00f6\u00dften Wert darauf, alle Vereinbarungen einzuhalten \u2013 vom Preis bis zur Deadline.<\/p>\n\t\t\t\t\t\t\t\t<\/div>\n\t\t\t\t<\/div>\n\t\t\t\t<\/div>\n\t\t\t\t\t<\/div>\n\t\t\t\t<\/div>\n\t\t\t\t<\/div>\n\t\t","protected":false},"excerpt":{"rendered":"<p>Topfgewachsene B\u00e4ume und B\u00e4ume mit St\u00e4nder DanSelection A\/S Wir bieten Topfpflanzen und stehende B\u00e4ume Topfgewachsene B\u00e4ume Wir bieten topfgewachsene Weihnachtsb\u00e4ume in verschiedenen Qualit\u00e4ten an, die perfekt f\u00fcr den Au\u00dfenbereich auf der Terrasse, im Garten oder am Eingang geeignet sind. Die B\u00e4ume sind in verschiedenen H\u00f6hen erh\u00e4ltlich, sodass Sie den passenden Baum f\u00fcr Ihren Platz ausw\u00e4hlen &#8230; <a title=\"Topfgewachsene B\u00e4ume und B\u00e4ume mit St\u00e4nder\" class=\"read-more\" href=\"https:\/\/danselection.com\/de\/topfgewachsene-baeume-und-baeume-mit-staender\/\" aria-label=\"Mehr Informationen \u00fcber Topfgewachsene B\u00e4ume und B\u00e4ume mit St\u00e4nder\">Weiterlesen &#8230;<\/a><\/p>\n","protected":false},"author":5,"featured_media":0,"parent":0,"menu_order":1002,"comment_status":"closed","ping_status":"closed","template":"","meta":{"_acf_changed":false,"footnotes":""},"categories":[],"class_list":["post-10259","page","type-page","status-publish"],"acf":[],"yoast_head":"<!-- This site is optimized with the Yoast SEO plugin v27.4 - https:\/\/yoast.com\/product\/yoast-seo-wordpress\/ -->\n<title>Topfgewachsene B\u00e4ume und B\u00e4ume mit St\u00e4nder | DanSelection A\/S<\/title>\n<meta name=\"robots\" content=\"index, follow, max-snippet:-1, max-image-preview:large, max-video-preview:-1\" \/>\n<link rel=\"canonical\" href=\"https:\/\/danselection.com\/pottegroet\/\" \/>\n<meta property=\"og:locale\" content=\"de_DE\" \/>\n<meta property=\"og:type\" content=\"article\" \/>\n<meta property=\"og:title\" content=\"Topfgewachsene B\u00e4ume und B\u00e4ume mit St\u00e4nder | DanSelection A\/S\" \/>\n<meta property=\"og:description\" content=\"Topfgewachsene B\u00e4ume und B\u00e4ume mit St\u00e4nder DanSelection A\/S Wir bieten Topfpflanzen und stehende B\u00e4ume Topfgewachsene B\u00e4ume Wir bieten topfgewachsene Weihnachtsb\u00e4ume in verschiedenen Qualit\u00e4ten an, die perfekt f\u00fcr den Au\u00dfenbereich auf der Terrasse, im Garten oder am Eingang geeignet sind. Die B\u00e4ume sind in verschiedenen H\u00f6hen erh\u00e4ltlich, sodass Sie den passenden Baum f\u00fcr Ihren Platz ausw\u00e4hlen ... Weiterlesen ...\" \/>\n<meta property=\"og:url\" content=\"https:\/\/danselection.com\/pottegroet\/\" \/>\n<meta property=\"og:site_name\" content=\"DanSelection A\/S\" \/>\n<meta property=\"article:modified_time\" content=\"2025-07-14T10:28:26+00:00\" \/>\n<meta name=\"twitter:card\" content=\"summary_large_image\" \/>\n<meta name=\"twitter:label1\" content=\"Gesch\u00e4tzte Lesezeit\" \/>\n\t<meta name=\"twitter:data1\" content=\"2\u00a0Minuten\" \/>\n<script type=\"application\/ld+json\" class=\"yoast-schema-graph\">{\"@context\":\"https:\\\/\\\/schema.org\",\"@graph\":[{\"@type\":\"WebPage\",\"@id\":\"https:\\\/\\\/danselection.com\\\/pottegroet\\\/\",\"url\":\"https:\\\/\\\/danselection.com\\\/pottegroet\\\/\",\"name\":\"Topfgewachsene B\u00e4ume und B\u00e4ume mit St\u00e4nder | DanSelection A\\\/S\",\"isPartOf\":{\"@id\":\"https:\\\/\\\/danselection.com\\\/#website\"},\"datePublished\":\"2025-05-12T07:44:41+00:00\",\"dateModified\":\"2025-07-14T10:28:26+00:00\",\"breadcrumb\":{\"@id\":\"https:\\\/\\\/danselection.com\\\/pottegroet\\\/#breadcrumb\"},\"inLanguage\":\"de\",\"potentialAction\":[{\"@type\":\"ReadAction\",\"target\":[\"https:\\\/\\\/danselection.com\\\/pottegroet\\\/\"]}]},{\"@type\":\"BreadcrumbList\",\"@id\":\"https:\\\/\\\/danselection.com\\\/pottegroet\\\/#breadcrumb\",\"itemListElement\":[{\"@type\":\"ListItem\",\"position\":1,\"name\":\"Forside\",\"item\":\"https:\\\/\\\/danselection.com\\\/\"},{\"@type\":\"ListItem\",\"position\":2,\"name\":\"Topfgewachsene B\u00e4ume und B\u00e4ume mit St\u00e4nder\"}]},{\"@type\":\"WebSite\",\"@id\":\"https:\\\/\\\/danselection.com\\\/#website\",\"url\":\"https:\\\/\\\/danselection.com\\\/\",\"name\":\"DanSelection A\\\/S\",\"description\":\"Engrosvirksomhed inden for danske juletr\u00e6er\",\"publisher\":{\"@id\":\"https:\\\/\\\/danselection.com\\\/#organization\"},\"potentialAction\":[{\"@type\":\"SearchAction\",\"target\":{\"@type\":\"EntryPoint\",\"urlTemplate\":\"https:\\\/\\\/danselection.com\\\/?s={search_term_string}\"},\"query-input\":{\"@type\":\"PropertyValueSpecification\",\"valueRequired\":true,\"valueName\":\"search_term_string\"}}],\"inLanguage\":\"de\"},{\"@type\":\"Organization\",\"@id\":\"https:\\\/\\\/danselection.com\\\/#organization\",\"name\":\"DanSelection A\\\/S\",\"url\":\"https:\\\/\\\/danselection.com\\\/\",\"logo\":{\"@type\":\"ImageObject\",\"inLanguage\":\"de\",\"@id\":\"https:\\\/\\\/danselection.com\\\/#\\\/schema\\\/logo\\\/image\\\/\",\"url\":\"https:\\\/\\\/danselection.com\\\/wp-content\\\/uploads\\\/2025\\\/05\\\/logo-sort.png\",\"contentUrl\":\"https:\\\/\\\/danselection.com\\\/wp-content\\\/uploads\\\/2025\\\/05\\\/logo-sort.png\",\"width\":520,\"height\":386,\"caption\":\"DanSelection A\\\/S\"},\"image\":{\"@id\":\"https:\\\/\\\/danselection.com\\\/#\\\/schema\\\/logo\\\/image\\\/\"}}]}<\/script>\n<!-- \/ Yoast SEO plugin. -->","yoast_head_json":{"title":"Topfgewachsene B\u00e4ume und B\u00e4ume mit St\u00e4nder | DanSelection A\/S","robots":{"index":"index","follow":"follow","max-snippet":"max-snippet:-1","max-image-preview":"max-image-preview:large","max-video-preview":"max-video-preview:-1"},"canonical":"https:\/\/danselection.com\/pottegroet\/","og_locale":"de_DE","og_type":"article","og_title":"Topfgewachsene B\u00e4ume und B\u00e4ume mit St\u00e4nder | DanSelection A\/S","og_description":"Topfgewachsene B\u00e4ume und B\u00e4ume mit St\u00e4nder DanSelection A\/S Wir bieten Topfpflanzen und stehende B\u00e4ume Topfgewachsene B\u00e4ume Wir bieten topfgewachsene Weihnachtsb\u00e4ume in verschiedenen Qualit\u00e4ten an, die perfekt f\u00fcr den Au\u00dfenbereich auf der Terrasse, im Garten oder am Eingang geeignet sind. Die B\u00e4ume sind in verschiedenen H\u00f6hen erh\u00e4ltlich, sodass Sie den passenden Baum f\u00fcr Ihren Platz ausw\u00e4hlen ... Weiterlesen ...","og_url":"https:\/\/danselection.com\/pottegroet\/","og_site_name":"DanSelection A\/S","article_modified_time":"2025-07-14T10:28:26+00:00","twitter_card":"summary_large_image","twitter_misc":{"Gesch\u00e4tzte Lesezeit":"2\u00a0Minuten"},"schema":{"@context":"https:\/\/schema.org","@graph":[{"@type":"WebPage","@id":"https:\/\/danselection.com\/pottegroet\/","url":"https:\/\/danselection.com\/pottegroet\/","name":"Topfgewachsene B\u00e4ume und B\u00e4ume mit St\u00e4nder | DanSelection A\/S","isPartOf":{"@id":"https:\/\/danselection.com\/#website"},"datePublished":"2025-05-12T07:44:41+00:00","dateModified":"2025-07-14T10:28:26+00:00","breadcrumb":{"@id":"https:\/\/danselection.com\/pottegroet\/#breadcrumb"},"inLanguage":"de","potentialAction":[{"@type":"ReadAction","target":["https:\/\/danselection.com\/pottegroet\/"]}]},{"@type":"BreadcrumbList","@id":"https:\/\/danselection.com\/pottegroet\/#breadcrumb","itemListElement":[{"@type":"ListItem","position":1,"name":"Forside","item":"https:\/\/danselection.com\/"},{"@type":"ListItem","position":2,"name":"Topfgewachsene B\u00e4ume und B\u00e4ume mit St\u00e4nder"}]},{"@type":"WebSite","@id":"https:\/\/danselection.com\/#website","url":"https:\/\/danselection.com\/","name":"DanSelection A\/S","description":"Engrosvirksomhed inden for danske juletr\u00e6er","publisher":{"@id":"https:\/\/danselection.com\/#organization"},"potentialAction":[{"@type":"SearchAction","target":{"@type":"EntryPoint","urlTemplate":"https:\/\/danselection.com\/?s={search_term_string}"},"query-input":{"@type":"PropertyValueSpecification","valueRequired":true,"valueName":"search_term_string"}}],"inLanguage":"de"},{"@type":"Organization","@id":"https:\/\/danselection.com\/#organization","name":"DanSelection A\/S","url":"https:\/\/danselection.com\/","logo":{"@type":"ImageObject","inLanguage":"de","@id":"https:\/\/danselection.com\/#\/schema\/logo\/image\/","url":"https:\/\/danselection.com\/wp-content\/uploads\/2025\/05\/logo-sort.png","contentUrl":"https:\/\/danselection.com\/wp-content\/uploads\/2025\/05\/logo-sort.png","width":520,"height":386,"caption":"DanSelection A\/S"},"image":{"@id":"https:\/\/danselection.com\/#\/schema\/logo\/image\/"}}]}},"_links":{"self":[{"href":"https:\/\/danselection.com\/de\/wp-json\/wp\/v2\/pages\/10259","targetHints":{"allow":["GET"]}}],"collection":[{"href":"https:\/\/danselection.com\/de\/wp-json\/wp\/v2\/pages"}],"about":[{"href":"https:\/\/danselection.com\/de\/wp-json\/wp\/v2\/types\/page"}],"author":[{"embeddable":true,"href":"https:\/\/danselection.com\/de\/wp-json\/wp\/v2\/users\/5"}],"replies":[{"embeddable":true,"href":"https:\/\/danselection.com\/de\/wp-json\/wp\/v2\/comments?post=10259"}],"version-history":[{"count":1,"href":"https:\/\/danselection.com\/de\/wp-json\/wp\/v2\/pages\/10259\/revisions"}],"predecessor-version":[{"id":10260,"href":"https:\/\/danselection.com\/de\/wp-json\/wp\/v2\/pages\/10259\/revisions\/10260"}],"wp:attachment":[{"href":"https:\/\/danselection.com\/de\/wp-json\/wp\/v2\/media?parent=10259"}],"wp:term":[{"taxonomy":"category","embeddable":true,"href":"https:\/\/danselection.com\/de\/wp-json\/wp\/v2\/categories?post=10259"}],"curies":[{"name":"wp","href":"https:\/\/api.w.org\/{rel}","templated":true}]}}