{"id":10265,"date":"2025-05-12T09:44:41","date_gmt":"2025-05-12T07:44:41","guid":{"rendered":"https:\/\/danselection.com\/weitere-produkte\/"},"modified":"2025-07-14T12:32:54","modified_gmt":"2025-07-14T10:32:54","slug":"weitere-produkte","status":"publish","type":"page","link":"https:\/\/danselection.com\/de\/weitere-produkte\/","title":{"rendered":"Weitere Produkte"},"content":{"rendered":"\t\t<div data-elementor-type=\"wp-page\" data-elementor-id=\"10265\" class=\"elementor elementor-10265 elementor-9407\" data-elementor-post-type=\"page\">\n\t\t\t\t<div class=\"elementor-element elementor-element-d7bd2d7 e-flex e-con-boxed e-con e-parent\" data-id=\"d7bd2d7\" data-element_type=\"container\" data-settings=\"{&quot;background_background&quot;:&quot;video&quot;,&quot;background_video_link&quot;:&quot;https:\\\/\\\/gostmediaserviceprod.blob.core.windows.net\\\/asset-ffb9e9c4-50e8-4174-925d-37da35feba90\\\/Video hjemmeside_1920x1080_4700k.mp4&quot;,&quot;background_play_on_mobile&quot;:&quot;yes&quot;}\">\n\t\t\t\t\t<div class=\"e-con-inner\">\n\t\t<div class=\"elementor-background-video-container\">\n\t\t\t\t\t\t\t<video class=\"elementor-background-video-hosted elementor-html5-video\" autoplay muted playsinline loop><\/video>\n\t\t\t\t\t<\/div><div class=\"elementor-element elementor-element-16e4d40 e-con-full no-padding e-flex e-con e-child\" data-id=\"16e4d40\" data-element_type=\"container\">\n\t\t<div class=\"elementor-element elementor-element-021a8d8 e-con-full no-padding e-flex e-con e-child\" data-id=\"021a8d8\" data-element_type=\"container\">\n\t\t\t\t<div class=\"elementor-element elementor-element-3002544 elementor-widget__width-initial elementor-widget elementor-widget-heading\" data-id=\"3002544\" data-element_type=\"widget\" data-widget_type=\"heading.default\">\n\t\t\t\t<div class=\"elementor-widget-container\">\n\t\t\t\t\t<h2 class=\"elementor-heading-title elementor-size-default\">Weitere Produkte<\/h2>\t\t\t\t<\/div>\n\t\t\t\t<\/div>\n\t\t\t\t<\/div>\n\t\t<div class=\"elementor-element elementor-element-00c1ea6 e-con-full no-padding elementor-hidden-mobile e-flex e-con e-child\" data-id=\"00c1ea6\" data-element_type=\"container\">\n\t\t\t\t<\/div>\n\t\t\t\t<\/div>\n\t\t\t\t\t<\/div>\n\t\t\t\t<\/div>\n\t\t<div class=\"elementor-element elementor-element-b8a8dc6 e-flex e-con-boxed e-con e-parent\" data-id=\"b8a8dc6\" data-element_type=\"container\">\n\t\t\t\t\t<div class=\"e-con-inner\">\n\t\t<div class=\"elementor-element elementor-element-fbc4e39 e-con-full e-flex e-con e-child\" data-id=\"fbc4e39\" data-element_type=\"container\">\n\t\t\t\t<div class=\"elementor-element elementor-element-7ea9087 elementor-widget__width-inherit elementor-invisible elementor-widget elementor-widget-heading\" data-id=\"7ea9087\" data-element_type=\"widget\" data-settings=\"{&quot;_animation&quot;:&quot;fadeInUp&quot;,&quot;_animation_delay&quot;:200}\" data-widget_type=\"heading.default\">\n\t\t\t\t<div class=\"elementor-widget-container\">\n\t\t\t\t\t<h6 class=\"elementor-heading-title elementor-size-default\">DanSelection A\/S<\/h6>\t\t\t\t<\/div>\n\t\t\t\t<\/div>\n\t\t\t\t<div class=\"elementor-element elementor-element-590e8db elementor-widget__width-inherit elementor-invisible elementor-widget elementor-widget-heading\" data-id=\"590e8db\" data-element_type=\"widget\" data-settings=\"{&quot;_animation&quot;:&quot;fadeInUp&quot;,&quot;_animation_delay&quot;:400}\" data-widget_type=\"heading.default\">\n\t\t\t\t<div class=\"elementor-widget-container\">\n\t\t\t\t\t<h1 class=\"elementor-heading-title elementor-size-default\">Entdecken Sie weitere unserer Produkte<\/h1>\t\t\t\t<\/div>\n\t\t\t\t<\/div>\n\t\t\t\t<div class=\"elementor-element elementor-element-5ba6f4f elementor-widget__width-inherit elementor-invisible elementor-widget elementor-widget-text-editor\" data-id=\"5ba6f4f\" data-element_type=\"widget\" data-settings=\"{&quot;_animation&quot;:&quot;fadeInUp&quot;,&quot;_animation_delay&quot;:600}\" data-widget_type=\"text-editor.default\">\n\t\t\t\t<div class=\"elementor-widget-container\">\n\t\t\t\t\t\t\t\t\t<p>Ein erfolgreicher Weihnachtsverkauf und eine sch\u00f6ne Weihnachtsausstellung beginnen mit sch\u00f6nen Weihnachtsb\u00e4umen \u2013 und diese liefern wir Ihnen gern.<br \/>Dar\u00fcber hinaus bieten wir auch eine Reihe erg\u00e4nzender Produkte an, die zur guten Stimmung beitragen und den Mehrverkauf steigern. Unsere kompetenten Kolleginnen und Kollegen bei DanBlumen sind Experten auf diesem Gebiet und stehen Ihnen gerne zur Seite. Mehr erfahren Sie hier. (Link zu DanBlumen.com)<\/p>\n\t\t\t\t\t\t\t\t<\/div>\n\t\t\t\t<\/div>\n\t\t\t\t<\/div>\n\t\t<div class=\"elementor-element elementor-element-0fad601 e-con-full e-flex e-con e-child\" data-id=\"0fad601\" data-element_type=\"container\" data-settings=\"{&quot;background_background&quot;:&quot;classic&quot;}\">\n\t\t\t\t<\/div>\n\t\t\t\t\t<\/div>\n\t\t\t\t<\/div>\n\t\t<div class=\"elementor-element elementor-element-46657f3 e-grid dark e-con-boxed e-con e-parent\" data-id=\"46657f3\" data-element_type=\"container\" data-settings=\"{&quot;background_background&quot;:&quot;classic&quot;}\">\n\t\t\t\t\t<div class=\"e-con-inner\">\n\t\t<div class=\"elementor-element elementor-element-ef1d2af e-con-full e-flex elementor-invisible e-con e-child\" data-id=\"ef1d2af\" data-element_type=\"container\" data-settings=\"{&quot;motion_fx_motion_fx_scrolling&quot;:&quot;yes&quot;,&quot;animation&quot;:&quot;fadeIn&quot;,&quot;motion_fx_devices&quot;:[&quot;desktop&quot;,&quot;laptop&quot;,&quot;tablet&quot;,&quot;mobile&quot;]}\">\n\t\t\t\t<div class=\"elementor-element elementor-element-661d5b9 elementor-view-default elementor-widget elementor-widget-icon\" data-id=\"661d5b9\" data-element_type=\"widget\" data-widget_type=\"icon.default\">\n\t\t\t\t<div class=\"elementor-widget-container\">\n\t\t\t\t\t\t\t<div class=\"elementor-icon-wrapper\">\n\t\t\t<div class=\"elementor-icon\">\n\t\t\t<i aria-hidden=\"true\" class=\"fad fa-check-double\"><\/i>\t\t\t<\/div>\n\t\t<\/div>\n\t\t\t\t\t\t<\/div>\n\t\t\t\t<\/div>\n\t\t\t\t<div class=\"elementor-element elementor-element-e7d776d elementor-widget elementor-widget-heading\" data-id=\"e7d776d\" data-element_type=\"widget\" data-widget_type=\"heading.default\">\n\t\t\t\t<div class=\"elementor-widget-container\">\n\t\t\t\t\t<h2 class=\"elementor-heading-title elementor-size-default\">Gr\u00fcndliche Kommunikation<\/h2>\t\t\t\t<\/div>\n\t\t\t\t<\/div>\n\t\t\t\t<div class=\"elementor-element elementor-element-2c553d5 elementor-widget elementor-widget-text-editor\" data-id=\"2c553d5\" data-element_type=\"widget\" data-widget_type=\"text-editor.default\">\n\t\t\t\t<div class=\"elementor-widget-container\">\n\t\t\t\t\t\t\t\t\t<p>Wir wissen, dass die Bed\u00fcrfnisse und W\u00fcnsche unserer Kunden unterschiedlich sein k\u00f6nnen. Deshalb besprechen wir dies immer zun\u00e4chst mit Ihnen.<\/p>\n\t\t\t\t\t\t\t\t<\/div>\n\t\t\t\t<\/div>\n\t\t\t\t<\/div>\n\t\t<div class=\"elementor-element elementor-element-5f39092 e-con-full e-flex elementor-invisible e-con e-child\" data-id=\"5f39092\" data-element_type=\"container\" data-settings=\"{&quot;motion_fx_motion_fx_scrolling&quot;:&quot;yes&quot;,&quot;animation&quot;:&quot;fadeIn&quot;,&quot;motion_fx_devices&quot;:[&quot;desktop&quot;,&quot;laptop&quot;,&quot;tablet&quot;,&quot;mobile&quot;]}\">\n\t\t\t\t<div class=\"elementor-element elementor-element-a88d2fb elementor-view-default elementor-widget elementor-widget-icon\" data-id=\"a88d2fb\" data-element_type=\"widget\" data-widget_type=\"icon.default\">\n\t\t\t\t<div class=\"elementor-widget-container\">\n\t\t\t\t\t\t\t<div class=\"elementor-icon-wrapper\">\n\t\t\t<div class=\"elementor-icon\">\n\t\t\t<i aria-hidden=\"true\" class=\"fad fa-badge-check\"><\/i>\t\t\t<\/div>\n\t\t<\/div>\n\t\t\t\t\t\t<\/div>\n\t\t\t\t<\/div>\n\t\t\t\t<div class=\"elementor-element elementor-element-ec79663 elementor-widget elementor-widget-heading\" data-id=\"ec79663\" data-element_type=\"widget\" data-widget_type=\"heading.default\">\n\t\t\t\t<div class=\"elementor-widget-container\">\n\t\t\t\t\t<h2 class=\"elementor-heading-title elementor-size-default\">Hohe Qualit\u00e4t<\/h2>\t\t\t\t<\/div>\n\t\t\t\t<\/div>\n\t\t\t\t<div class=\"elementor-element elementor-element-77f5ae6 elementor-widget elementor-widget-text-editor\" data-id=\"77f5ae6\" data-element_type=\"widget\" data-widget_type=\"text-editor.default\">\n\t\t\t\t<div class=\"elementor-widget-container\">\n\t\t\t\t\t\t\t\t\t<p>Bei uns k\u00f6nnen Sie sich stets auf guten Service und hohe Qualit\u00e4t verlassen. Wir beenden einen Auftrag erst, wenn er zu 100 % abgeschlossen ist und beide Parteien mit dem Ergebnis zufrieden sind.<\/p>\n\t\t\t\t\t\t\t\t<\/div>\n\t\t\t\t<\/div>\n\t\t\t\t<\/div>\n\t\t<div class=\"elementor-element elementor-element-831c2c3 e-con-full e-flex elementor-invisible e-con e-child\" data-id=\"831c2c3\" data-element_type=\"container\" data-settings=\"{&quot;motion_fx_motion_fx_scrolling&quot;:&quot;yes&quot;,&quot;animation&quot;:&quot;fadeIn&quot;,&quot;motion_fx_devices&quot;:[&quot;desktop&quot;,&quot;laptop&quot;,&quot;tablet&quot;,&quot;mobile&quot;]}\">\n\t\t\t\t<div class=\"elementor-element elementor-element-5b76d15 elementor-view-default elementor-widget elementor-widget-icon\" data-id=\"5b76d15\" data-element_type=\"widget\" data-widget_type=\"icon.default\">\n\t\t\t\t<div class=\"elementor-widget-container\">\n\t\t\t\t\t\t\t<div class=\"elementor-icon-wrapper\">\n\t\t\t<div class=\"elementor-icon\">\n\t\t\t<i aria-hidden=\"true\" class=\"fad fa-handshake\"><\/i>\t\t\t<\/div>\n\t\t<\/div>\n\t\t\t\t\t\t<\/div>\n\t\t\t\t<\/div>\n\t\t\t\t<div class=\"elementor-element elementor-element-a98e58e elementor-widget elementor-widget-heading\" data-id=\"a98e58e\" data-element_type=\"widget\" data-widget_type=\"heading.default\">\n\t\t\t\t<div class=\"elementor-widget-container\">\n\t\t\t\t\t<h2 class=\"elementor-heading-title elementor-size-default\">Enger Dialog<\/h2>\t\t\t\t<\/div>\n\t\t\t\t<\/div>\n\t\t\t\t<div class=\"elementor-element elementor-element-2d0421b elementor-widget elementor-widget-text-editor\" data-id=\"2d0421b\" data-element_type=\"widget\" data-widget_type=\"text-editor.default\">\n\t\t\t\t<div class=\"elementor-widget-container\">\n\t\t\t\t\t\t\t\t\t<p>Sobald wir mit der Arbeit begonnen haben, gehen wir bei Qualit\u00e4t und Service keine Kompromisse ein. Wir begleiten jeden Auftrag zu 100 % bis zum Abschluss und legen gr\u00f6\u00dften Wert darauf, alle Vereinbarungen einzuhalten \u2013 vom Preis bis zur Deadline.<\/p>\n\t\t\t\t\t\t\t\t<\/div>\n\t\t\t\t<\/div>\n\t\t\t\t<\/div>\n\t\t\t\t\t<\/div>\n\t\t\t\t<\/div>\n\t\t\t\t<\/div>\n\t\t","protected":false},"excerpt":{"rendered":"<p>Weitere Produkte DanSelection A\/S Entdecken Sie weitere unserer Produkte Ein erfolgreicher Weihnachtsverkauf und eine sch\u00f6ne Weihnachtsausstellung beginnen mit sch\u00f6nen Weihnachtsb\u00e4umen \u2013 und diese liefern wir Ihnen gern.Dar\u00fcber hinaus bieten wir auch eine Reihe erg\u00e4nzender Produkte an, die zur guten Stimmung beitragen und den Mehrverkauf steigern. Unsere kompetenten Kolleginnen und Kollegen bei DanBlumen sind Experten auf &#8230; <a title=\"Weitere Produkte\" class=\"read-more\" href=\"https:\/\/danselection.com\/de\/weitere-produkte\/\" aria-label=\"Mehr Informationen \u00fcber Weitere Produkte\">Weiterlesen &#8230;<\/a><\/p>\n","protected":false},"author":5,"featured_media":0,"parent":0,"menu_order":1006,"comment_status":"closed","ping_status":"closed","template":"","meta":{"_acf_changed":false,"footnotes":""},"categories":[],"class_list":["post-10265","page","type-page","status-publish"],"acf":[],"yoast_head":"<!-- This site is optimized with the Yoast SEO plugin v27.5 - https:\/\/yoast.com\/product\/yoast-seo-wordpress\/ -->\n<title>Weitere Produkte | DanSelection A\/S<\/title>\n<meta name=\"robots\" content=\"index, follow, max-snippet:-1, max-image-preview:large, max-video-preview:-1\" \/>\n<link rel=\"canonical\" href=\"https:\/\/danselection.com\/andre-juleprodukter\/\" \/>\n<meta property=\"og:locale\" content=\"de_DE\" \/>\n<meta property=\"og:type\" content=\"article\" \/>\n<meta property=\"og:title\" content=\"Weitere Produkte | DanSelection A\/S\" \/>\n<meta property=\"og:description\" content=\"Weitere Produkte DanSelection A\/S Entdecken Sie weitere unserer Produkte Ein erfolgreicher Weihnachtsverkauf und eine sch\u00f6ne Weihnachtsausstellung beginnen mit sch\u00f6nen Weihnachtsb\u00e4umen \u2013 und diese liefern wir Ihnen gern.Dar\u00fcber hinaus bieten wir auch eine Reihe erg\u00e4nzender Produkte an, die zur guten Stimmung beitragen und den Mehrverkauf steigern. Unsere kompetenten Kolleginnen und Kollegen bei DanBlumen sind Experten auf ... Weiterlesen ...\" \/>\n<meta property=\"og:url\" content=\"https:\/\/danselection.com\/andre-juleprodukter\/\" \/>\n<meta property=\"og:site_name\" content=\"DanSelection A\/S\" \/>\n<meta property=\"article:modified_time\" content=\"2025-07-14T10:32:54+00:00\" \/>\n<meta name=\"twitter:card\" content=\"summary_large_image\" \/>\n<meta name=\"twitter:label1\" content=\"Gesch\u00e4tzte Lesezeit\" \/>\n\t<meta name=\"twitter:data1\" content=\"1\u00a0Minute\" \/>\n<script type=\"application\/ld+json\" class=\"yoast-schema-graph\">{\"@context\":\"https:\\\/\\\/schema.org\",\"@graph\":[{\"@type\":\"WebPage\",\"@id\":\"https:\\\/\\\/danselection.com\\\/andre-juleprodukter\\\/\",\"url\":\"https:\\\/\\\/danselection.com\\\/andre-juleprodukter\\\/\",\"name\":\"Weitere Produkte | DanSelection A\\\/S\",\"isPartOf\":{\"@id\":\"https:\\\/\\\/danselection.com\\\/#website\"},\"datePublished\":\"2025-05-12T07:44:41+00:00\",\"dateModified\":\"2025-07-14T10:32:54+00:00\",\"breadcrumb\":{\"@id\":\"https:\\\/\\\/danselection.com\\\/andre-juleprodukter\\\/#breadcrumb\"},\"inLanguage\":\"de\",\"potentialAction\":[{\"@type\":\"ReadAction\",\"target\":[\"https:\\\/\\\/danselection.com\\\/andre-juleprodukter\\\/\"]}]},{\"@type\":\"BreadcrumbList\",\"@id\":\"https:\\\/\\\/danselection.com\\\/andre-juleprodukter\\\/#breadcrumb\",\"itemListElement\":[{\"@type\":\"ListItem\",\"position\":1,\"name\":\"Forside\",\"item\":\"https:\\\/\\\/danselection.com\\\/\"},{\"@type\":\"ListItem\",\"position\":2,\"name\":\"Weitere Produkte\"}]},{\"@type\":\"WebSite\",\"@id\":\"https:\\\/\\\/danselection.com\\\/#website\",\"url\":\"https:\\\/\\\/danselection.com\\\/\",\"name\":\"DanSelection A\\\/S\",\"description\":\"Engrosvirksomhed inden for danske juletr\u00e6er\",\"publisher\":{\"@id\":\"https:\\\/\\\/danselection.com\\\/#organization\"},\"potentialAction\":[{\"@type\":\"SearchAction\",\"target\":{\"@type\":\"EntryPoint\",\"urlTemplate\":\"https:\\\/\\\/danselection.com\\\/?s={search_term_string}\"},\"query-input\":{\"@type\":\"PropertyValueSpecification\",\"valueRequired\":true,\"valueName\":\"search_term_string\"}}],\"inLanguage\":\"de\"},{\"@type\":\"Organization\",\"@id\":\"https:\\\/\\\/danselection.com\\\/#organization\",\"name\":\"DanSelection A\\\/S\",\"url\":\"https:\\\/\\\/danselection.com\\\/\",\"logo\":{\"@type\":\"ImageObject\",\"inLanguage\":\"de\",\"@id\":\"https:\\\/\\\/danselection.com\\\/#\\\/schema\\\/logo\\\/image\\\/\",\"url\":\"https:\\\/\\\/danselection.com\\\/wp-content\\\/uploads\\\/2025\\\/05\\\/logo-sort.png\",\"contentUrl\":\"https:\\\/\\\/danselection.com\\\/wp-content\\\/uploads\\\/2025\\\/05\\\/logo-sort.png\",\"width\":520,\"height\":386,\"caption\":\"DanSelection A\\\/S\"},\"image\":{\"@id\":\"https:\\\/\\\/danselection.com\\\/#\\\/schema\\\/logo\\\/image\\\/\"}}]}<\/script>\n<!-- \/ Yoast SEO plugin. -->","yoast_head_json":{"title":"Weitere Produkte | DanSelection A\/S","robots":{"index":"index","follow":"follow","max-snippet":"max-snippet:-1","max-image-preview":"max-image-preview:large","max-video-preview":"max-video-preview:-1"},"canonical":"https:\/\/danselection.com\/andre-juleprodukter\/","og_locale":"de_DE","og_type":"article","og_title":"Weitere Produkte | DanSelection A\/S","og_description":"Weitere Produkte DanSelection A\/S Entdecken Sie weitere unserer Produkte Ein erfolgreicher Weihnachtsverkauf und eine sch\u00f6ne Weihnachtsausstellung beginnen mit sch\u00f6nen Weihnachtsb\u00e4umen \u2013 und diese liefern wir Ihnen gern.Dar\u00fcber hinaus bieten wir auch eine Reihe erg\u00e4nzender Produkte an, die zur guten Stimmung beitragen und den Mehrverkauf steigern. Unsere kompetenten Kolleginnen und Kollegen bei DanBlumen sind Experten auf ... Weiterlesen ...","og_url":"https:\/\/danselection.com\/andre-juleprodukter\/","og_site_name":"DanSelection A\/S","article_modified_time":"2025-07-14T10:32:54+00:00","twitter_card":"summary_large_image","twitter_misc":{"Gesch\u00e4tzte Lesezeit":"1\u00a0Minute"},"schema":{"@context":"https:\/\/schema.org","@graph":[{"@type":"WebPage","@id":"https:\/\/danselection.com\/andre-juleprodukter\/","url":"https:\/\/danselection.com\/andre-juleprodukter\/","name":"Weitere Produkte | DanSelection A\/S","isPartOf":{"@id":"https:\/\/danselection.com\/#website"},"datePublished":"2025-05-12T07:44:41+00:00","dateModified":"2025-07-14T10:32:54+00:00","breadcrumb":{"@id":"https:\/\/danselection.com\/andre-juleprodukter\/#breadcrumb"},"inLanguage":"de","potentialAction":[{"@type":"ReadAction","target":["https:\/\/danselection.com\/andre-juleprodukter\/"]}]},{"@type":"BreadcrumbList","@id":"https:\/\/danselection.com\/andre-juleprodukter\/#breadcrumb","itemListElement":[{"@type":"ListItem","position":1,"name":"Forside","item":"https:\/\/danselection.com\/"},{"@type":"ListItem","position":2,"name":"Weitere Produkte"}]},{"@type":"WebSite","@id":"https:\/\/danselection.com\/#website","url":"https:\/\/danselection.com\/","name":"DanSelection A\/S","description":"Engrosvirksomhed inden for danske juletr\u00e6er","publisher":{"@id":"https:\/\/danselection.com\/#organization"},"potentialAction":[{"@type":"SearchAction","target":{"@type":"EntryPoint","urlTemplate":"https:\/\/danselection.com\/?s={search_term_string}"},"query-input":{"@type":"PropertyValueSpecification","valueRequired":true,"valueName":"search_term_string"}}],"inLanguage":"de"},{"@type":"Organization","@id":"https:\/\/danselection.com\/#organization","name":"DanSelection A\/S","url":"https:\/\/danselection.com\/","logo":{"@type":"ImageObject","inLanguage":"de","@id":"https:\/\/danselection.com\/#\/schema\/logo\/image\/","url":"https:\/\/danselection.com\/wp-content\/uploads\/2025\/05\/logo-sort.png","contentUrl":"https:\/\/danselection.com\/wp-content\/uploads\/2025\/05\/logo-sort.png","width":520,"height":386,"caption":"DanSelection A\/S"},"image":{"@id":"https:\/\/danselection.com\/#\/schema\/logo\/image\/"}}]}},"_links":{"self":[{"href":"https:\/\/danselection.com\/de\/wp-json\/wp\/v2\/pages\/10265","targetHints":{"allow":["GET"]}}],"collection":[{"href":"https:\/\/danselection.com\/de\/wp-json\/wp\/v2\/pages"}],"about":[{"href":"https:\/\/danselection.com\/de\/wp-json\/wp\/v2\/types\/page"}],"author":[{"embeddable":true,"href":"https:\/\/danselection.com\/de\/wp-json\/wp\/v2\/users\/5"}],"replies":[{"embeddable":true,"href":"https:\/\/danselection.com\/de\/wp-json\/wp\/v2\/comments?post=10265"}],"version-history":[{"count":1,"href":"https:\/\/danselection.com\/de\/wp-json\/wp\/v2\/pages\/10265\/revisions"}],"predecessor-version":[{"id":10266,"href":"https:\/\/danselection.com\/de\/wp-json\/wp\/v2\/pages\/10265\/revisions\/10266"}],"wp:attachment":[{"href":"https:\/\/danselection.com\/de\/wp-json\/wp\/v2\/media?parent=10265"}],"wp:term":[{"taxonomy":"category","embeddable":true,"href":"https:\/\/danselection.com\/de\/wp-json\/wp\/v2\/categories?post=10265"}],"curies":[{"name":"wp","href":"https:\/\/api.w.org\/{rel}","templated":true}]}}