{"id":10272,"date":"2025-05-12T09:44:41","date_gmt":"2025-05-12T07:44:41","guid":{"rendered":"https:\/\/danselection.com\/zertifizierung\/"},"modified":"2025-07-14T13:07:41","modified_gmt":"2025-07-14T11:07:41","slug":"zertifizierung","status":"publish","type":"page","link":"https:\/\/danselection.com\/de\/zertifizierung\/","title":{"rendered":"Zertifizierung"},"content":{"rendered":"\t\t<div data-elementor-type=\"wp-page\" data-elementor-id=\"10272\" class=\"elementor elementor-10272 elementor-9411\" data-elementor-post-type=\"page\">\n\t\t\t\t<div class=\"elementor-element elementor-element-29a2cb1 e-flex e-con-boxed e-con e-parent\" data-id=\"29a2cb1\" data-element_type=\"container\" data-settings=\"{&quot;background_background&quot;:&quot;video&quot;,&quot;background_video_link&quot;:&quot;https:\\\/\\\/gostmediaserviceprod.blob.core.windows.net\\\/asset-ffb9e9c4-50e8-4174-925d-37da35feba90\\\/Video hjemmeside_1920x1080_4700k.mp4&quot;,&quot;background_play_on_mobile&quot;:&quot;yes&quot;}\">\n\t\t\t\t\t<div class=\"e-con-inner\">\n\t\t<div class=\"elementor-background-video-container\">\n\t\t\t\t\t\t\t<video class=\"elementor-background-video-hosted elementor-html5-video\" autoplay muted playsinline loop><\/video>\n\t\t\t\t\t<\/div><div class=\"elementor-element elementor-element-4e4e31a e-con-full no-padding e-flex e-con e-child\" data-id=\"4e4e31a\" data-element_type=\"container\">\n\t\t<div class=\"elementor-element elementor-element-ded6337 e-con-full no-padding e-flex e-con e-child\" data-id=\"ded6337\" data-element_type=\"container\">\n\t\t\t\t<div class=\"elementor-element elementor-element-ef0b42f elementor-widget__width-initial elementor-widget elementor-widget-heading\" data-id=\"ef0b42f\" data-element_type=\"widget\" data-widget_type=\"heading.default\">\n\t\t\t\t<div class=\"elementor-widget-container\">\n\t\t\t\t\t<h2 class=\"elementor-heading-title elementor-size-default\">Zertifizierung<\/h2>\t\t\t\t<\/div>\n\t\t\t\t<\/div>\n\t\t\t\t<\/div>\n\t\t<div class=\"elementor-element elementor-element-8e9d657 e-con-full no-padding elementor-hidden-mobile e-flex e-con e-child\" data-id=\"8e9d657\" data-element_type=\"container\">\n\t\t\t\t<\/div>\n\t\t\t\t<\/div>\n\t\t\t\t\t<\/div>\n\t\t\t\t<\/div>\n\t\t<div class=\"elementor-element elementor-element-f40969c e-flex e-con-boxed e-con e-parent\" data-id=\"f40969c\" data-element_type=\"container\">\n\t\t\t\t\t<div class=\"e-con-inner\">\n\t\t<div class=\"elementor-element elementor-element-edea050 e-con-full e-flex e-con e-child\" data-id=\"edea050\" data-element_type=\"container\">\n\t\t\t\t<div class=\"elementor-element elementor-element-5d6fbe8 elementor-widget__width-inherit elementor-invisible elementor-widget elementor-widget-heading\" data-id=\"5d6fbe8\" data-element_type=\"widget\" data-settings=\"{&quot;_animation&quot;:&quot;fadeInUp&quot;,&quot;_animation_delay&quot;:200}\" data-widget_type=\"heading.default\">\n\t\t\t\t<div class=\"elementor-widget-container\">\n\t\t\t\t\t<h6 class=\"elementor-heading-title elementor-size-default\">DanSelection A\/S<\/h6>\t\t\t\t<\/div>\n\t\t\t\t<\/div>\n\t\t\t\t<div class=\"elementor-element elementor-element-9da6825 elementor-widget__width-inherit elementor-invisible elementor-widget elementor-widget-heading\" data-id=\"9da6825\" data-element_type=\"widget\" data-settings=\"{&quot;_animation&quot;:&quot;fadeInUp&quot;,&quot;_animation_delay&quot;:400}\" data-widget_type=\"heading.default\">\n\t\t\t\t<div class=\"elementor-widget-container\">\n\t\t\t\t\t<h1 class=\"elementor-heading-title elementor-size-default\">DanSelection arbeitet bereits seit vielen Jahren mit Zertifizierungen<\/h1>\t\t\t\t<\/div>\n\t\t\t\t<\/div>\n\t\t\t\t<div class=\"elementor-element elementor-element-3e3f97f elementor-widget__width-inherit elementor-invisible elementor-widget elementor-widget-text-editor\" data-id=\"3e3f97f\" data-element_type=\"widget\" data-settings=\"{&quot;_animation&quot;:&quot;fadeInUp&quot;,&quot;_animation_delay&quot;:600}\" data-widget_type=\"text-editor.default\">\n\t\t\t\t<div class=\"elementor-widget-container\">\n\t\t\t\t\t\t\t\t\t<p>Wir bieten unseren Kunden GlobalGAP-zertifizierte Weihnachtsb\u00e4ume und Tannen an.<\/p>\n<p>F\u00fcr Sie als Kunden und Gesch\u00e4ftspartner bieten die Zertifizierungen vor allem die Gewissheit, mit einem Unternehmen zusammenzuarbeiten, das strukturiert an seiner Entwicklung arbeitet und vollen Fokus auf R\u00fcckverfolgbarkeit legt, sodass Sie als Kunde die absolute Sicherheit haben, das gew\u00fcnschte Produkt zu erhalten.<\/p>\n<p>Bei GlobalGAP hei\u00dft unsere Zertifizierung \u201eChain of Coststudy\u201c. Sie befasst sich insbesondere mit der physischen und registratorischen R\u00fcckverfolgbarkeit und legt spezifische formale Anforderungen an die Dokumentation fest.<\/p>\n<p>Da wir ein Handelsunternehmen und kein Produktionsbetrieb sind, k\u00f6nnen wir leider nicht nach dem GRASP-Standard auditiert werden. Wir halten uns aber dennoch an die Vorschriften, da wir sowohl die sozialen Bedingungen f\u00f6rdern als auch \u00fcber die Anforderungen an unsere Lieferanten informiert bleiben m\u00f6chten.<\/p>\n<p>Die Zertifizierung wird j\u00e4hrlich von externen Auditoren \u00fcberpr\u00fcft.<\/p>\n\t\t\t\t\t\t\t\t<\/div>\n\t\t\t\t<\/div>\n\t\t\t\t<\/div>\n\t\t<a class=\"elementor-element elementor-element-0afcc55 e-con-full e-flex e-con e-child\" data-id=\"0afcc55\" data-element_type=\"container\" data-settings=\"{&quot;background_background&quot;:&quot;classic&quot;}\" href=\"https:\/\/www.globalgap.org\/\" target=\"_blank\">\n\t\t\t\t<\/a>\n\t\t\t\t\t<\/div>\n\t\t\t\t<\/div>\n\t\t<div class=\"elementor-element elementor-element-4efcd08 e-grid dark e-con-boxed e-con e-parent\" data-id=\"4efcd08\" data-element_type=\"container\" data-settings=\"{&quot;background_background&quot;:&quot;classic&quot;}\">\n\t\t\t\t\t<div class=\"e-con-inner\">\n\t\t<div class=\"elementor-element elementor-element-5098487 e-con-full e-flex elementor-invisible e-con e-child\" data-id=\"5098487\" data-element_type=\"container\" data-settings=\"{&quot;motion_fx_motion_fx_scrolling&quot;:&quot;yes&quot;,&quot;animation&quot;:&quot;fadeIn&quot;,&quot;motion_fx_devices&quot;:[&quot;desktop&quot;,&quot;laptop&quot;,&quot;tablet&quot;,&quot;mobile&quot;]}\">\n\t\t\t\t<div class=\"elementor-element elementor-element-e0f61ff elementor-view-default elementor-widget elementor-widget-icon\" data-id=\"e0f61ff\" data-element_type=\"widget\" data-widget_type=\"icon.default\">\n\t\t\t\t<div class=\"elementor-widget-container\">\n\t\t\t\t\t\t\t<div class=\"elementor-icon-wrapper\">\n\t\t\t<div class=\"elementor-icon\">\n\t\t\t<i aria-hidden=\"true\" class=\"fad fa-check-double\"><\/i>\t\t\t<\/div>\n\t\t<\/div>\n\t\t\t\t\t\t<\/div>\n\t\t\t\t<\/div>\n\t\t\t\t<div class=\"elementor-element elementor-element-cf6a72f elementor-widget elementor-widget-heading\" data-id=\"cf6a72f\" data-element_type=\"widget\" data-widget_type=\"heading.default\">\n\t\t\t\t<div class=\"elementor-widget-container\">\n\t\t\t\t\t<h2 class=\"elementor-heading-title elementor-size-default\">Gr\u00fcndliche Kommunikation<\/h2>\t\t\t\t<\/div>\n\t\t\t\t<\/div>\n\t\t\t\t<div class=\"elementor-element elementor-element-0a8efe4 elementor-widget elementor-widget-text-editor\" data-id=\"0a8efe4\" data-element_type=\"widget\" data-widget_type=\"text-editor.default\">\n\t\t\t\t<div class=\"elementor-widget-container\">\n\t\t\t\t\t\t\t\t\t<p>Wir wissen, dass die Bed\u00fcrfnisse und W\u00fcnsche unserer Kunden unterschiedlich sein k\u00f6nnen. Deshalb besprechen wir dies immer zun\u00e4chst mit Ihnen.<\/p>\n\t\t\t\t\t\t\t\t<\/div>\n\t\t\t\t<\/div>\n\t\t\t\t<\/div>\n\t\t<div class=\"elementor-element elementor-element-7e58997 e-con-full e-flex elementor-invisible e-con e-child\" data-id=\"7e58997\" data-element_type=\"container\" data-settings=\"{&quot;motion_fx_motion_fx_scrolling&quot;:&quot;yes&quot;,&quot;animation&quot;:&quot;fadeIn&quot;,&quot;motion_fx_devices&quot;:[&quot;desktop&quot;,&quot;laptop&quot;,&quot;tablet&quot;,&quot;mobile&quot;]}\">\n\t\t\t\t<div class=\"elementor-element elementor-element-b848af9 elementor-view-default elementor-widget elementor-widget-icon\" data-id=\"b848af9\" data-element_type=\"widget\" data-widget_type=\"icon.default\">\n\t\t\t\t<div class=\"elementor-widget-container\">\n\t\t\t\t\t\t\t<div class=\"elementor-icon-wrapper\">\n\t\t\t<div class=\"elementor-icon\">\n\t\t\t<i aria-hidden=\"true\" class=\"fad fa-badge-check\"><\/i>\t\t\t<\/div>\n\t\t<\/div>\n\t\t\t\t\t\t<\/div>\n\t\t\t\t<\/div>\n\t\t\t\t<div class=\"elementor-element elementor-element-25a977c elementor-widget elementor-widget-heading\" data-id=\"25a977c\" data-element_type=\"widget\" data-widget_type=\"heading.default\">\n\t\t\t\t<div class=\"elementor-widget-container\">\n\t\t\t\t\t<h2 class=\"elementor-heading-title elementor-size-default\">Hohe Qualit\u00e4t<\/h2>\t\t\t\t<\/div>\n\t\t\t\t<\/div>\n\t\t\t\t<div class=\"elementor-element elementor-element-205f817 elementor-widget elementor-widget-text-editor\" data-id=\"205f817\" data-element_type=\"widget\" data-widget_type=\"text-editor.default\">\n\t\t\t\t<div class=\"elementor-widget-container\">\n\t\t\t\t\t\t\t\t\t<p>Bei uns k\u00f6nnen Sie sich stets auf guten Service und hohe Qualit\u00e4t verlassen. Wir beenden einen Auftrag erst, wenn er zu 100 % abgeschlossen ist und beide Parteien mit dem Ergebnis zufrieden sind.<\/p>\n\t\t\t\t\t\t\t\t<\/div>\n\t\t\t\t<\/div>\n\t\t\t\t<\/div>\n\t\t<div class=\"elementor-element elementor-element-304be26 e-con-full e-flex elementor-invisible e-con e-child\" data-id=\"304be26\" data-element_type=\"container\" data-settings=\"{&quot;motion_fx_motion_fx_scrolling&quot;:&quot;yes&quot;,&quot;animation&quot;:&quot;fadeIn&quot;,&quot;motion_fx_devices&quot;:[&quot;desktop&quot;,&quot;laptop&quot;,&quot;tablet&quot;,&quot;mobile&quot;]}\">\n\t\t\t\t<div class=\"elementor-element elementor-element-85d8d32 elementor-view-default elementor-widget elementor-widget-icon\" data-id=\"85d8d32\" data-element_type=\"widget\" data-widget_type=\"icon.default\">\n\t\t\t\t<div class=\"elementor-widget-container\">\n\t\t\t\t\t\t\t<div class=\"elementor-icon-wrapper\">\n\t\t\t<div class=\"elementor-icon\">\n\t\t\t<i aria-hidden=\"true\" class=\"fad fa-handshake\"><\/i>\t\t\t<\/div>\n\t\t<\/div>\n\t\t\t\t\t\t<\/div>\n\t\t\t\t<\/div>\n\t\t\t\t<div class=\"elementor-element elementor-element-5bfdf5d elementor-widget elementor-widget-heading\" data-id=\"5bfdf5d\" data-element_type=\"widget\" data-widget_type=\"heading.default\">\n\t\t\t\t<div class=\"elementor-widget-container\">\n\t\t\t\t\t<h2 class=\"elementor-heading-title elementor-size-default\">Enger Dialog<\/h2>\t\t\t\t<\/div>\n\t\t\t\t<\/div>\n\t\t\t\t<div class=\"elementor-element elementor-element-3d3cadc elementor-widget elementor-widget-text-editor\" data-id=\"3d3cadc\" data-element_type=\"widget\" data-widget_type=\"text-editor.default\">\n\t\t\t\t<div class=\"elementor-widget-container\">\n\t\t\t\t\t\t\t\t\t<p>Sobald wir mit der Arbeit begonnen haben, gehen wir bei Qualit\u00e4t und Service keine Kompromisse ein. Wir begleiten jeden Auftrag zu 100 % bis zum Abschluss und legen gr\u00f6\u00dften Wert darauf, alle Vereinbarungen einzuhalten \u2013 vom Preis bis zur Deadline.<\/p>\n\t\t\t\t\t\t\t\t<\/div>\n\t\t\t\t<\/div>\n\t\t\t\t<\/div>\n\t\t\t\t\t<\/div>\n\t\t\t\t<\/div>\n\t\t\t\t<\/div>\n\t\t","protected":false},"excerpt":{"rendered":"<p>Zertifizierung DanSelection A\/S DanSelection arbeitet bereits seit vielen Jahren mit Zertifizierungen Wir bieten unseren Kunden GlobalGAP-zertifizierte Weihnachtsb\u00e4ume und Tannen an. F\u00fcr Sie als Kunden und Gesch\u00e4ftspartner bieten die Zertifizierungen vor allem die Gewissheit, mit einem Unternehmen zusammenzuarbeiten, das strukturiert an seiner Entwicklung arbeitet und vollen Fokus auf R\u00fcckverfolgbarkeit legt, sodass Sie als Kunde die absolute &#8230; <a title=\"Zertifizierung\" class=\"read-more\" href=\"https:\/\/danselection.com\/de\/zertifizierung\/\" aria-label=\"Mehr Informationen \u00fcber Zertifizierung\">Weiterlesen &#8230;<\/a><\/p>\n","protected":false},"author":5,"featured_media":0,"parent":0,"menu_order":1010,"comment_status":"closed","ping_status":"closed","template":"","meta":{"_acf_changed":false,"footnotes":""},"categories":[],"class_list":["post-10272","page","type-page","status-publish"],"acf":[],"yoast_head":"<!-- This site is optimized with the Yoast SEO plugin v27.5 - https:\/\/yoast.com\/product\/yoast-seo-wordpress\/ -->\n<title>Zertifizierung | DanSelection A\/S<\/title>\n<meta name=\"robots\" content=\"index, follow, max-snippet:-1, max-image-preview:large, max-video-preview:-1\" \/>\n<link rel=\"canonical\" href=\"https:\/\/danselection.com\/certificering\/\" \/>\n<meta property=\"og:locale\" content=\"de_DE\" \/>\n<meta property=\"og:type\" content=\"article\" \/>\n<meta property=\"og:title\" content=\"Zertifizierung | DanSelection A\/S\" \/>\n<meta property=\"og:description\" content=\"Zertifizierung DanSelection A\/S DanSelection arbeitet bereits seit vielen Jahren mit Zertifizierungen Wir bieten unseren Kunden GlobalGAP-zertifizierte Weihnachtsb\u00e4ume und Tannen an. F\u00fcr Sie als Kunden und Gesch\u00e4ftspartner bieten die Zertifizierungen vor allem die Gewissheit, mit einem Unternehmen zusammenzuarbeiten, das strukturiert an seiner Entwicklung arbeitet und vollen Fokus auf R\u00fcckverfolgbarkeit legt, sodass Sie als Kunde die absolute ... Weiterlesen ...\" \/>\n<meta property=\"og:url\" content=\"https:\/\/danselection.com\/certificering\/\" \/>\n<meta property=\"og:site_name\" content=\"DanSelection A\/S\" \/>\n<meta property=\"article:modified_time\" content=\"2025-07-14T11:07:41+00:00\" \/>\n<meta name=\"twitter:card\" content=\"summary_large_image\" \/>\n<meta name=\"twitter:label1\" content=\"Gesch\u00e4tzte Lesezeit\" \/>\n\t<meta name=\"twitter:data1\" content=\"1\u00a0Minute\" \/>\n<script type=\"application\/ld+json\" class=\"yoast-schema-graph\">{\"@context\":\"https:\\\/\\\/schema.org\",\"@graph\":[{\"@type\":\"WebPage\",\"@id\":\"https:\\\/\\\/danselection.com\\\/certificering\\\/\",\"url\":\"https:\\\/\\\/danselection.com\\\/certificering\\\/\",\"name\":\"Zertifizierung | DanSelection A\\\/S\",\"isPartOf\":{\"@id\":\"https:\\\/\\\/danselection.com\\\/#website\"},\"datePublished\":\"2025-05-12T07:44:41+00:00\",\"dateModified\":\"2025-07-14T11:07:41+00:00\",\"breadcrumb\":{\"@id\":\"https:\\\/\\\/danselection.com\\\/certificering\\\/#breadcrumb\"},\"inLanguage\":\"de\",\"potentialAction\":[{\"@type\":\"ReadAction\",\"target\":[\"https:\\\/\\\/danselection.com\\\/certificering\\\/\"]}]},{\"@type\":\"BreadcrumbList\",\"@id\":\"https:\\\/\\\/danselection.com\\\/certificering\\\/#breadcrumb\",\"itemListElement\":[{\"@type\":\"ListItem\",\"position\":1,\"name\":\"Forside\",\"item\":\"https:\\\/\\\/danselection.com\\\/\"},{\"@type\":\"ListItem\",\"position\":2,\"name\":\"Zertifizierung\"}]},{\"@type\":\"WebSite\",\"@id\":\"https:\\\/\\\/danselection.com\\\/#website\",\"url\":\"https:\\\/\\\/danselection.com\\\/\",\"name\":\"DanSelection A\\\/S\",\"description\":\"Engrosvirksomhed inden for danske juletr\u00e6er\",\"publisher\":{\"@id\":\"https:\\\/\\\/danselection.com\\\/#organization\"},\"potentialAction\":[{\"@type\":\"SearchAction\",\"target\":{\"@type\":\"EntryPoint\",\"urlTemplate\":\"https:\\\/\\\/danselection.com\\\/?s={search_term_string}\"},\"query-input\":{\"@type\":\"PropertyValueSpecification\",\"valueRequired\":true,\"valueName\":\"search_term_string\"}}],\"inLanguage\":\"de\"},{\"@type\":\"Organization\",\"@id\":\"https:\\\/\\\/danselection.com\\\/#organization\",\"name\":\"DanSelection A\\\/S\",\"url\":\"https:\\\/\\\/danselection.com\\\/\",\"logo\":{\"@type\":\"ImageObject\",\"inLanguage\":\"de\",\"@id\":\"https:\\\/\\\/danselection.com\\\/#\\\/schema\\\/logo\\\/image\\\/\",\"url\":\"https:\\\/\\\/danselection.com\\\/wp-content\\\/uploads\\\/2025\\\/05\\\/logo-sort.png\",\"contentUrl\":\"https:\\\/\\\/danselection.com\\\/wp-content\\\/uploads\\\/2025\\\/05\\\/logo-sort.png\",\"width\":520,\"height\":386,\"caption\":\"DanSelection A\\\/S\"},\"image\":{\"@id\":\"https:\\\/\\\/danselection.com\\\/#\\\/schema\\\/logo\\\/image\\\/\"}}]}<\/script>\n<!-- \/ Yoast SEO plugin. -->","yoast_head_json":{"title":"Zertifizierung | DanSelection A\/S","robots":{"index":"index","follow":"follow","max-snippet":"max-snippet:-1","max-image-preview":"max-image-preview:large","max-video-preview":"max-video-preview:-1"},"canonical":"https:\/\/danselection.com\/certificering\/","og_locale":"de_DE","og_type":"article","og_title":"Zertifizierung | DanSelection A\/S","og_description":"Zertifizierung DanSelection A\/S DanSelection arbeitet bereits seit vielen Jahren mit Zertifizierungen Wir bieten unseren Kunden GlobalGAP-zertifizierte Weihnachtsb\u00e4ume und Tannen an. F\u00fcr Sie als Kunden und Gesch\u00e4ftspartner bieten die Zertifizierungen vor allem die Gewissheit, mit einem Unternehmen zusammenzuarbeiten, das strukturiert an seiner Entwicklung arbeitet und vollen Fokus auf R\u00fcckverfolgbarkeit legt, sodass Sie als Kunde die absolute ... Weiterlesen ...","og_url":"https:\/\/danselection.com\/certificering\/","og_site_name":"DanSelection A\/S","article_modified_time":"2025-07-14T11:07:41+00:00","twitter_card":"summary_large_image","twitter_misc":{"Gesch\u00e4tzte Lesezeit":"1\u00a0Minute"},"schema":{"@context":"https:\/\/schema.org","@graph":[{"@type":"WebPage","@id":"https:\/\/danselection.com\/certificering\/","url":"https:\/\/danselection.com\/certificering\/","name":"Zertifizierung | DanSelection A\/S","isPartOf":{"@id":"https:\/\/danselection.com\/#website"},"datePublished":"2025-05-12T07:44:41+00:00","dateModified":"2025-07-14T11:07:41+00:00","breadcrumb":{"@id":"https:\/\/danselection.com\/certificering\/#breadcrumb"},"inLanguage":"de","potentialAction":[{"@type":"ReadAction","target":["https:\/\/danselection.com\/certificering\/"]}]},{"@type":"BreadcrumbList","@id":"https:\/\/danselection.com\/certificering\/#breadcrumb","itemListElement":[{"@type":"ListItem","position":1,"name":"Forside","item":"https:\/\/danselection.com\/"},{"@type":"ListItem","position":2,"name":"Zertifizierung"}]},{"@type":"WebSite","@id":"https:\/\/danselection.com\/#website","url":"https:\/\/danselection.com\/","name":"DanSelection A\/S","description":"Engrosvirksomhed inden for danske juletr\u00e6er","publisher":{"@id":"https:\/\/danselection.com\/#organization"},"potentialAction":[{"@type":"SearchAction","target":{"@type":"EntryPoint","urlTemplate":"https:\/\/danselection.com\/?s={search_term_string}"},"query-input":{"@type":"PropertyValueSpecification","valueRequired":true,"valueName":"search_term_string"}}],"inLanguage":"de"},{"@type":"Organization","@id":"https:\/\/danselection.com\/#organization","name":"DanSelection A\/S","url":"https:\/\/danselection.com\/","logo":{"@type":"ImageObject","inLanguage":"de","@id":"https:\/\/danselection.com\/#\/schema\/logo\/image\/","url":"https:\/\/danselection.com\/wp-content\/uploads\/2025\/05\/logo-sort.png","contentUrl":"https:\/\/danselection.com\/wp-content\/uploads\/2025\/05\/logo-sort.png","width":520,"height":386,"caption":"DanSelection A\/S"},"image":{"@id":"https:\/\/danselection.com\/#\/schema\/logo\/image\/"}}]}},"_links":{"self":[{"href":"https:\/\/danselection.com\/de\/wp-json\/wp\/v2\/pages\/10272","targetHints":{"allow":["GET"]}}],"collection":[{"href":"https:\/\/danselection.com\/de\/wp-json\/wp\/v2\/pages"}],"about":[{"href":"https:\/\/danselection.com\/de\/wp-json\/wp\/v2\/types\/page"}],"author":[{"embeddable":true,"href":"https:\/\/danselection.com\/de\/wp-json\/wp\/v2\/users\/5"}],"replies":[{"embeddable":true,"href":"https:\/\/danselection.com\/de\/wp-json\/wp\/v2\/comments?post=10272"}],"version-history":[{"count":1,"href":"https:\/\/danselection.com\/de\/wp-json\/wp\/v2\/pages\/10272\/revisions"}],"predecessor-version":[{"id":10273,"href":"https:\/\/danselection.com\/de\/wp-json\/wp\/v2\/pages\/10272\/revisions\/10273"}],"wp:attachment":[{"href":"https:\/\/danselection.com\/de\/wp-json\/wp\/v2\/media?parent=10272"}],"wp:term":[{"taxonomy":"category","embeddable":true,"href":"https:\/\/danselection.com\/de\/wp-json\/wp\/v2\/categories?post=10272"}],"curies":[{"name":"wp","href":"https:\/\/api.w.org\/{rel}","templated":true}]}}