{"id":10274,"date":"2025-05-12T09:44:41","date_gmt":"2025-05-12T07:44:41","guid":{"rendered":"https:\/\/danselection.com\/zusaetzliche-einkaeufe\/"},"modified":"2025-07-14T13:09:13","modified_gmt":"2025-07-14T11:09:13","slug":"zusaetzliche-einkaeufe","status":"publish","type":"page","link":"https:\/\/danselection.com\/de\/zusaetzliche-einkaeufe\/","title":{"rendered":"Zus\u00e4tzliche Eink\u00e4ufe"},"content":{"rendered":"\t\t<div data-elementor-type=\"wp-page\" data-elementor-id=\"10274\" class=\"elementor elementor-10274 elementor-9410\" data-elementor-post-type=\"page\">\n\t\t\t\t<div class=\"elementor-element elementor-element-c7d9b06 e-flex e-con-boxed e-con e-parent\" data-id=\"c7d9b06\" data-element_type=\"container\" data-settings=\"{&quot;background_background&quot;:&quot;video&quot;,&quot;background_video_link&quot;:&quot;https:\\\/\\\/gostmediaserviceprod.blob.core.windows.net\\\/asset-ffb9e9c4-50e8-4174-925d-37da35feba90\\\/Video hjemmeside_1920x1080_4700k.mp4&quot;,&quot;background_play_on_mobile&quot;:&quot;yes&quot;}\">\n\t\t\t\t\t<div class=\"e-con-inner\">\n\t\t<div class=\"elementor-background-video-container\">\n\t\t\t\t\t\t\t<video class=\"elementor-background-video-hosted elementor-html5-video\" autoplay muted playsinline loop><\/video>\n\t\t\t\t\t<\/div><div class=\"elementor-element elementor-element-0d2820c e-con-full no-padding e-flex e-con e-child\" data-id=\"0d2820c\" data-element_type=\"container\">\n\t\t<div class=\"elementor-element elementor-element-790b976 e-con-full no-padding e-flex e-con e-child\" data-id=\"790b976\" data-element_type=\"container\">\n\t\t\t\t<div class=\"elementor-element elementor-element-63f1862 elementor-widget__width-initial elementor-widget elementor-widget-heading\" data-id=\"63f1862\" data-element_type=\"widget\" data-widget_type=\"heading.default\">\n\t\t\t\t<div class=\"elementor-widget-container\">\n\t\t\t\t\t<h2 class=\"elementor-heading-title elementor-size-default\">Zus\u00e4tzliche Eink\u00e4ufe<\/h2>\t\t\t\t<\/div>\n\t\t\t\t<\/div>\n\t\t\t\t<\/div>\n\t\t<div class=\"elementor-element elementor-element-44c64eb e-con-full no-padding elementor-hidden-mobile e-flex e-con e-child\" data-id=\"44c64eb\" data-element_type=\"container\">\n\t\t\t\t<\/div>\n\t\t\t\t<\/div>\n\t\t\t\t\t<\/div>\n\t\t\t\t<\/div>\n\t\t<div class=\"elementor-element elementor-element-37694d3 e-flex e-con-boxed e-con e-parent\" data-id=\"37694d3\" data-element_type=\"container\">\n\t\t\t\t\t<div class=\"e-con-inner\">\n\t\t<div class=\"elementor-element elementor-element-5202371 e-con-full e-flex e-con e-child\" data-id=\"5202371\" data-element_type=\"container\">\n\t\t\t\t<div class=\"elementor-element elementor-element-e1b66d0 elementor-widget__width-inherit elementor-invisible elementor-widget elementor-widget-heading\" data-id=\"e1b66d0\" data-element_type=\"widget\" data-settings=\"{&quot;_animation&quot;:&quot;fadeInUp&quot;,&quot;_animation_delay&quot;:200}\" data-widget_type=\"heading.default\">\n\t\t\t\t<div class=\"elementor-widget-container\">\n\t\t\t\t\t<h6 class=\"elementor-heading-title elementor-size-default\">DanSelection A\/S<\/h6>\t\t\t\t<\/div>\n\t\t\t\t<\/div>\n\t\t\t\t<div class=\"elementor-element elementor-element-7c724f9 elementor-widget__width-inherit elementor-invisible elementor-widget elementor-widget-heading\" data-id=\"7c724f9\" data-element_type=\"widget\" data-settings=\"{&quot;_animation&quot;:&quot;fadeInUp&quot;,&quot;_animation_delay&quot;:400}\" data-widget_type=\"heading.default\">\n\t\t\t\t<div class=\"elementor-widget-container\">\n\t\t\t\t\t<h1 class=\"elementor-heading-title elementor-size-default\">Unsere Zus\u00e4tzliche Eink\u00e4ufevon DanSelection<\/h1>\t\t\t\t<\/div>\n\t\t\t\t<\/div>\n\t\t\t\t<div class=\"elementor-element elementor-element-c22a96b elementor-widget__width-inherit elementor-invisible elementor-widget elementor-widget-text-editor\" data-id=\"c22a96b\" data-element_type=\"widget\" data-settings=\"{&quot;_animation&quot;:&quot;fadeInUp&quot;,&quot;_animation_delay&quot;:600}\" data-widget_type=\"text-editor.default\">\n\t\t\t\t<div class=\"elementor-widget-container\">\n\t\t\t\t\t\t\t\t\t<p>Sind Sie Produzent, Auftragnehmer oder ein anderer Akteur in der Produktionskette und m\u00f6chten Teil der Lieferkette f\u00fcr DanSelection-Kunden werden? Dann freuen wir uns auf Ihre Kontaktaufnahme.<\/p>\n<p>Senden Sie Informationen zu Ihren Dienstleistungen an <a href=\"mailto:mail@danselection.com\">mail@danselection.com<\/a> oder kontaktieren Sie Visti unter <a href=\"tel:23263883\">23263883<\/a>.<\/p>\n<p>Wir arbeiten seit vielen Jahren mit unseren Lieferanten zusammen und sch\u00e4tzen die gegenseitige Loyalit\u00e4t sehr. Mit zunehmender Umsatzentwicklung kann eine weitere Zusammenarbeit f\u00fcr uns sinnvoll sein.<\/p>\n\t\t\t\t\t\t\t\t<\/div>\n\t\t\t\t<\/div>\n\t\t\t\t<\/div>\n\t\t<div class=\"elementor-element elementor-element-000ead7 e-con-full e-flex e-con e-child\" data-id=\"000ead7\" data-element_type=\"container\" data-settings=\"{&quot;background_background&quot;:&quot;classic&quot;}\">\n\t\t\t\t<\/div>\n\t\t\t\t\t<\/div>\n\t\t\t\t<\/div>\n\t\t<div class=\"elementor-element elementor-element-3f7f454 e-grid dark e-con-boxed e-con e-parent\" data-id=\"3f7f454\" data-element_type=\"container\" data-settings=\"{&quot;background_background&quot;:&quot;classic&quot;}\">\n\t\t\t\t\t<div class=\"e-con-inner\">\n\t\t<div class=\"elementor-element elementor-element-92b9e26 e-con-full e-flex elementor-invisible e-con e-child\" data-id=\"92b9e26\" data-element_type=\"container\" data-settings=\"{&quot;motion_fx_motion_fx_scrolling&quot;:&quot;yes&quot;,&quot;animation&quot;:&quot;fadeIn&quot;,&quot;motion_fx_devices&quot;:[&quot;desktop&quot;,&quot;laptop&quot;,&quot;tablet&quot;,&quot;mobile&quot;]}\">\n\t\t\t\t<div class=\"elementor-element elementor-element-6af2658 elementor-view-default elementor-widget elementor-widget-icon\" data-id=\"6af2658\" data-element_type=\"widget\" data-widget_type=\"icon.default\">\n\t\t\t\t<div class=\"elementor-widget-container\">\n\t\t\t\t\t\t\t<div class=\"elementor-icon-wrapper\">\n\t\t\t<div class=\"elementor-icon\">\n\t\t\t<i aria-hidden=\"true\" class=\"fad fa-check-double\"><\/i>\t\t\t<\/div>\n\t\t<\/div>\n\t\t\t\t\t\t<\/div>\n\t\t\t\t<\/div>\n\t\t\t\t<div class=\"elementor-element elementor-element-3f984b8 elementor-widget elementor-widget-heading\" data-id=\"3f984b8\" data-element_type=\"widget\" data-widget_type=\"heading.default\">\n\t\t\t\t<div class=\"elementor-widget-container\">\n\t\t\t\t\t<h2 class=\"elementor-heading-title elementor-size-default\">Gr\u00fcndliche Kommunikation<\/h2>\t\t\t\t<\/div>\n\t\t\t\t<\/div>\n\t\t\t\t<div class=\"elementor-element elementor-element-cd7bc73 elementor-widget elementor-widget-text-editor\" data-id=\"cd7bc73\" data-element_type=\"widget\" data-widget_type=\"text-editor.default\">\n\t\t\t\t<div class=\"elementor-widget-container\">\n\t\t\t\t\t\t\t\t\t<p>Wir wissen, dass die Bed\u00fcrfnisse und W\u00fcnsche unserer Kunden unterschiedlich sein k\u00f6nnen. Deshalb besprechen wir dies immer zun\u00e4chst mit Ihnen.<\/p>\n\t\t\t\t\t\t\t\t<\/div>\n\t\t\t\t<\/div>\n\t\t\t\t<\/div>\n\t\t<div class=\"elementor-element elementor-element-30be818 e-con-full e-flex elementor-invisible e-con e-child\" data-id=\"30be818\" data-element_type=\"container\" data-settings=\"{&quot;motion_fx_motion_fx_scrolling&quot;:&quot;yes&quot;,&quot;animation&quot;:&quot;fadeIn&quot;,&quot;motion_fx_devices&quot;:[&quot;desktop&quot;,&quot;laptop&quot;,&quot;tablet&quot;,&quot;mobile&quot;]}\">\n\t\t\t\t<div class=\"elementor-element elementor-element-748e491 elementor-view-default elementor-widget elementor-widget-icon\" data-id=\"748e491\" data-element_type=\"widget\" data-widget_type=\"icon.default\">\n\t\t\t\t<div class=\"elementor-widget-container\">\n\t\t\t\t\t\t\t<div class=\"elementor-icon-wrapper\">\n\t\t\t<div class=\"elementor-icon\">\n\t\t\t<i aria-hidden=\"true\" class=\"fad fa-badge-check\"><\/i>\t\t\t<\/div>\n\t\t<\/div>\n\t\t\t\t\t\t<\/div>\n\t\t\t\t<\/div>\n\t\t\t\t<div class=\"elementor-element elementor-element-6b6dc25 elementor-widget elementor-widget-heading\" data-id=\"6b6dc25\" data-element_type=\"widget\" data-widget_type=\"heading.default\">\n\t\t\t\t<div class=\"elementor-widget-container\">\n\t\t\t\t\t<h2 class=\"elementor-heading-title elementor-size-default\">Hohe Qualit\u00e4t<\/h2>\t\t\t\t<\/div>\n\t\t\t\t<\/div>\n\t\t\t\t<div class=\"elementor-element elementor-element-4d9e8ca elementor-widget elementor-widget-text-editor\" data-id=\"4d9e8ca\" data-element_type=\"widget\" data-widget_type=\"text-editor.default\">\n\t\t\t\t<div class=\"elementor-widget-container\">\n\t\t\t\t\t\t\t\t\t<p>Bei uns k\u00f6nnen Sie sich stets auf guten Service und hohe Qualit\u00e4t verlassen. Wir beenden einen Auftrag erst, wenn er zu 100 % abgeschlossen ist und beide Parteien mit dem Ergebnis zufrieden sind.<\/p>\n\t\t\t\t\t\t\t\t<\/div>\n\t\t\t\t<\/div>\n\t\t\t\t<\/div>\n\t\t<div class=\"elementor-element elementor-element-52da88e e-con-full e-flex elementor-invisible e-con e-child\" data-id=\"52da88e\" data-element_type=\"container\" data-settings=\"{&quot;motion_fx_motion_fx_scrolling&quot;:&quot;yes&quot;,&quot;animation&quot;:&quot;fadeIn&quot;,&quot;motion_fx_devices&quot;:[&quot;desktop&quot;,&quot;laptop&quot;,&quot;tablet&quot;,&quot;mobile&quot;]}\">\n\t\t\t\t<div class=\"elementor-element elementor-element-921a791 elementor-view-default elementor-widget elementor-widget-icon\" data-id=\"921a791\" data-element_type=\"widget\" data-widget_type=\"icon.default\">\n\t\t\t\t<div class=\"elementor-widget-container\">\n\t\t\t\t\t\t\t<div class=\"elementor-icon-wrapper\">\n\t\t\t<div class=\"elementor-icon\">\n\t\t\t<i aria-hidden=\"true\" class=\"fad fa-handshake\"><\/i>\t\t\t<\/div>\n\t\t<\/div>\n\t\t\t\t\t\t<\/div>\n\t\t\t\t<\/div>\n\t\t\t\t<div class=\"elementor-element elementor-element-8264d48 elementor-widget elementor-widget-heading\" data-id=\"8264d48\" data-element_type=\"widget\" data-widget_type=\"heading.default\">\n\t\t\t\t<div class=\"elementor-widget-container\">\n\t\t\t\t\t<h2 class=\"elementor-heading-title elementor-size-default\">Enger Dialog<\/h2>\t\t\t\t<\/div>\n\t\t\t\t<\/div>\n\t\t\t\t<div class=\"elementor-element elementor-element-762168c elementor-widget elementor-widget-text-editor\" data-id=\"762168c\" data-element_type=\"widget\" data-widget_type=\"text-editor.default\">\n\t\t\t\t<div class=\"elementor-widget-container\">\n\t\t\t\t\t\t\t\t\t<p>Sobald wir mit der Arbeit begonnen haben, gehen wir bei Qualit\u00e4t und Service keine Kompromisse ein. Wir begleiten jeden Auftrag zu 100 % bis zum Abschluss und legen gr\u00f6\u00dften Wert darauf, alle Vereinbarungen einzuhalten \u2013 vom Preis bis zur Deadline.<\/p>\n\t\t\t\t\t\t\t\t<\/div>\n\t\t\t\t<\/div>\n\t\t\t\t<\/div>\n\t\t\t\t\t<\/div>\n\t\t\t\t<\/div>\n\t\t\t\t<\/div>\n\t\t","protected":false},"excerpt":{"rendered":"<p>Zus\u00e4tzliche Eink\u00e4ufe DanSelection A\/S Unsere Zus\u00e4tzliche Eink\u00e4ufevon DanSelection Sind Sie Produzent, Auftragnehmer oder ein anderer Akteur in der Produktionskette und m\u00f6chten Teil der Lieferkette f\u00fcr DanSelection-Kunden werden? Dann freuen wir uns auf Ihre Kontaktaufnahme. Senden Sie Informationen zu Ihren Dienstleistungen an mail@danselection.com oder kontaktieren Sie Visti unter 23263883. Wir arbeiten seit vielen Jahren mit unseren &#8230; <a title=\"Zus\u00e4tzliche Eink\u00e4ufe\" class=\"read-more\" href=\"https:\/\/danselection.com\/de\/zusaetzliche-einkaeufe\/\" aria-label=\"Mehr Informationen \u00fcber Zus\u00e4tzliche Eink\u00e4ufe\">Weiterlesen &#8230;<\/a><\/p>\n","protected":false},"author":5,"featured_media":0,"parent":0,"menu_order":1009,"comment_status":"closed","ping_status":"closed","template":"","meta":{"_acf_changed":false,"footnotes":""},"categories":[],"class_list":["post-10274","page","type-page","status-publish"],"acf":[],"yoast_head":"<!-- This site is optimized with the Yoast SEO plugin v27.4 - https:\/\/yoast.com\/product\/yoast-seo-wordpress\/ -->\n<title>Zus\u00e4tzliche Eink\u00e4ufe | DanSelection A\/S<\/title>\n<meta name=\"robots\" content=\"index, follow, max-snippet:-1, max-image-preview:large, max-video-preview:-1\" \/>\n<link rel=\"canonical\" href=\"https:\/\/danselection.com\/tilkoeb\/\" \/>\n<meta property=\"og:locale\" content=\"de_DE\" \/>\n<meta property=\"og:type\" content=\"article\" \/>\n<meta property=\"og:title\" content=\"Zus\u00e4tzliche Eink\u00e4ufe | DanSelection A\/S\" \/>\n<meta property=\"og:description\" content=\"Zus\u00e4tzliche Eink\u00e4ufe DanSelection A\/S Unsere Zus\u00e4tzliche Eink\u00e4ufevon DanSelection Sind Sie Produzent, Auftragnehmer oder ein anderer Akteur in der Produktionskette und m\u00f6chten Teil der Lieferkette f\u00fcr DanSelection-Kunden werden? Dann freuen wir uns auf Ihre Kontaktaufnahme. Senden Sie Informationen zu Ihren Dienstleistungen an mail@danselection.com oder kontaktieren Sie Visti unter 23263883. Wir arbeiten seit vielen Jahren mit unseren ... Weiterlesen ...\" \/>\n<meta property=\"og:url\" content=\"https:\/\/danselection.com\/tilkoeb\/\" \/>\n<meta property=\"og:site_name\" content=\"DanSelection A\/S\" \/>\n<meta property=\"article:modified_time\" content=\"2025-07-14T11:09:13+00:00\" \/>\n<meta name=\"twitter:card\" content=\"summary_large_image\" \/>\n<meta name=\"twitter:label1\" content=\"Gesch\u00e4tzte Lesezeit\" \/>\n\t<meta name=\"twitter:data1\" content=\"1\u00a0Minute\" \/>\n<script type=\"application\/ld+json\" class=\"yoast-schema-graph\">{\"@context\":\"https:\\\/\\\/schema.org\",\"@graph\":[{\"@type\":\"WebPage\",\"@id\":\"https:\\\/\\\/danselection.com\\\/tilkoeb\\\/\",\"url\":\"https:\\\/\\\/danselection.com\\\/tilkoeb\\\/\",\"name\":\"Zus\u00e4tzliche Eink\u00e4ufe | DanSelection A\\\/S\",\"isPartOf\":{\"@id\":\"https:\\\/\\\/danselection.com\\\/#website\"},\"datePublished\":\"2025-05-12T07:44:41+00:00\",\"dateModified\":\"2025-07-14T11:09:13+00:00\",\"breadcrumb\":{\"@id\":\"https:\\\/\\\/danselection.com\\\/tilkoeb\\\/#breadcrumb\"},\"inLanguage\":\"de\",\"potentialAction\":[{\"@type\":\"ReadAction\",\"target\":[\"https:\\\/\\\/danselection.com\\\/tilkoeb\\\/\"]}]},{\"@type\":\"BreadcrumbList\",\"@id\":\"https:\\\/\\\/danselection.com\\\/tilkoeb\\\/#breadcrumb\",\"itemListElement\":[{\"@type\":\"ListItem\",\"position\":1,\"name\":\"Forside\",\"item\":\"https:\\\/\\\/danselection.com\\\/\"},{\"@type\":\"ListItem\",\"position\":2,\"name\":\"Zus\u00e4tzliche Eink\u00e4ufe\"}]},{\"@type\":\"WebSite\",\"@id\":\"https:\\\/\\\/danselection.com\\\/#website\",\"url\":\"https:\\\/\\\/danselection.com\\\/\",\"name\":\"DanSelection A\\\/S\",\"description\":\"Engrosvirksomhed inden for danske juletr\u00e6er\",\"publisher\":{\"@id\":\"https:\\\/\\\/danselection.com\\\/#organization\"},\"potentialAction\":[{\"@type\":\"SearchAction\",\"target\":{\"@type\":\"EntryPoint\",\"urlTemplate\":\"https:\\\/\\\/danselection.com\\\/?s={search_term_string}\"},\"query-input\":{\"@type\":\"PropertyValueSpecification\",\"valueRequired\":true,\"valueName\":\"search_term_string\"}}],\"inLanguage\":\"de\"},{\"@type\":\"Organization\",\"@id\":\"https:\\\/\\\/danselection.com\\\/#organization\",\"name\":\"DanSelection A\\\/S\",\"url\":\"https:\\\/\\\/danselection.com\\\/\",\"logo\":{\"@type\":\"ImageObject\",\"inLanguage\":\"de\",\"@id\":\"https:\\\/\\\/danselection.com\\\/#\\\/schema\\\/logo\\\/image\\\/\",\"url\":\"https:\\\/\\\/danselection.com\\\/wp-content\\\/uploads\\\/2025\\\/05\\\/logo-sort.png\",\"contentUrl\":\"https:\\\/\\\/danselection.com\\\/wp-content\\\/uploads\\\/2025\\\/05\\\/logo-sort.png\",\"width\":520,\"height\":386,\"caption\":\"DanSelection A\\\/S\"},\"image\":{\"@id\":\"https:\\\/\\\/danselection.com\\\/#\\\/schema\\\/logo\\\/image\\\/\"}}]}<\/script>\n<!-- \/ Yoast SEO plugin. -->","yoast_head_json":{"title":"Zus\u00e4tzliche Eink\u00e4ufe | DanSelection A\/S","robots":{"index":"index","follow":"follow","max-snippet":"max-snippet:-1","max-image-preview":"max-image-preview:large","max-video-preview":"max-video-preview:-1"},"canonical":"https:\/\/danselection.com\/tilkoeb\/","og_locale":"de_DE","og_type":"article","og_title":"Zus\u00e4tzliche Eink\u00e4ufe | DanSelection A\/S","og_description":"Zus\u00e4tzliche Eink\u00e4ufe DanSelection A\/S Unsere Zus\u00e4tzliche Eink\u00e4ufevon DanSelection Sind Sie Produzent, Auftragnehmer oder ein anderer Akteur in der Produktionskette und m\u00f6chten Teil der Lieferkette f\u00fcr DanSelection-Kunden werden? Dann freuen wir uns auf Ihre Kontaktaufnahme. Senden Sie Informationen zu Ihren Dienstleistungen an mail@danselection.com oder kontaktieren Sie Visti unter 23263883. Wir arbeiten seit vielen Jahren mit unseren ... Weiterlesen ...","og_url":"https:\/\/danselection.com\/tilkoeb\/","og_site_name":"DanSelection A\/S","article_modified_time":"2025-07-14T11:09:13+00:00","twitter_card":"summary_large_image","twitter_misc":{"Gesch\u00e4tzte Lesezeit":"1\u00a0Minute"},"schema":{"@context":"https:\/\/schema.org","@graph":[{"@type":"WebPage","@id":"https:\/\/danselection.com\/tilkoeb\/","url":"https:\/\/danselection.com\/tilkoeb\/","name":"Zus\u00e4tzliche Eink\u00e4ufe | DanSelection A\/S","isPartOf":{"@id":"https:\/\/danselection.com\/#website"},"datePublished":"2025-05-12T07:44:41+00:00","dateModified":"2025-07-14T11:09:13+00:00","breadcrumb":{"@id":"https:\/\/danselection.com\/tilkoeb\/#breadcrumb"},"inLanguage":"de","potentialAction":[{"@type":"ReadAction","target":["https:\/\/danselection.com\/tilkoeb\/"]}]},{"@type":"BreadcrumbList","@id":"https:\/\/danselection.com\/tilkoeb\/#breadcrumb","itemListElement":[{"@type":"ListItem","position":1,"name":"Forside","item":"https:\/\/danselection.com\/"},{"@type":"ListItem","position":2,"name":"Zus\u00e4tzliche Eink\u00e4ufe"}]},{"@type":"WebSite","@id":"https:\/\/danselection.com\/#website","url":"https:\/\/danselection.com\/","name":"DanSelection A\/S","description":"Engrosvirksomhed inden for danske juletr\u00e6er","publisher":{"@id":"https:\/\/danselection.com\/#organization"},"potentialAction":[{"@type":"SearchAction","target":{"@type":"EntryPoint","urlTemplate":"https:\/\/danselection.com\/?s={search_term_string}"},"query-input":{"@type":"PropertyValueSpecification","valueRequired":true,"valueName":"search_term_string"}}],"inLanguage":"de"},{"@type":"Organization","@id":"https:\/\/danselection.com\/#organization","name":"DanSelection A\/S","url":"https:\/\/danselection.com\/","logo":{"@type":"ImageObject","inLanguage":"de","@id":"https:\/\/danselection.com\/#\/schema\/logo\/image\/","url":"https:\/\/danselection.com\/wp-content\/uploads\/2025\/05\/logo-sort.png","contentUrl":"https:\/\/danselection.com\/wp-content\/uploads\/2025\/05\/logo-sort.png","width":520,"height":386,"caption":"DanSelection A\/S"},"image":{"@id":"https:\/\/danselection.com\/#\/schema\/logo\/image\/"}}]}},"_links":{"self":[{"href":"https:\/\/danselection.com\/de\/wp-json\/wp\/v2\/pages\/10274","targetHints":{"allow":["GET"]}}],"collection":[{"href":"https:\/\/danselection.com\/de\/wp-json\/wp\/v2\/pages"}],"about":[{"href":"https:\/\/danselection.com\/de\/wp-json\/wp\/v2\/types\/page"}],"author":[{"embeddable":true,"href":"https:\/\/danselection.com\/de\/wp-json\/wp\/v2\/users\/5"}],"replies":[{"embeddable":true,"href":"https:\/\/danselection.com\/de\/wp-json\/wp\/v2\/comments?post=10274"}],"version-history":[{"count":1,"href":"https:\/\/danselection.com\/de\/wp-json\/wp\/v2\/pages\/10274\/revisions"}],"predecessor-version":[{"id":10275,"href":"https:\/\/danselection.com\/de\/wp-json\/wp\/v2\/pages\/10274\/revisions\/10275"}],"wp:attachment":[{"href":"https:\/\/danselection.com\/de\/wp-json\/wp\/v2\/media?parent=10274"}],"wp:term":[{"taxonomy":"category","embeddable":true,"href":"https:\/\/danselection.com\/de\/wp-json\/wp\/v2\/categories?post=10274"}],"curies":[{"name":"wp","href":"https:\/\/api.w.org\/{rel}","templated":true}]}}