{"id":10276,"date":"2025-05-12T09:44:41","date_gmt":"2025-05-12T07:44:41","guid":{"rendered":"https:\/\/danselection.com\/fokus-und-geschichte\/"},"modified":"2025-07-14T13:10:59","modified_gmt":"2025-07-14T11:10:59","slug":"fokus-und-geschichte","status":"publish","type":"page","link":"https:\/\/danselection.com\/de\/fokus-und-geschichte\/","title":{"rendered":"Fokus und Geschichte"},"content":{"rendered":"\t\t<div data-elementor-type=\"wp-page\" data-elementor-id=\"10276\" class=\"elementor elementor-10276 elementor-9408\" data-elementor-post-type=\"page\">\n\t\t\t\t<div class=\"elementor-element elementor-element-344f4b40 e-flex e-con-boxed e-con e-parent\" data-id=\"344f4b40\" data-element_type=\"container\" data-settings=\"{&quot;background_background&quot;:&quot;video&quot;,&quot;background_video_link&quot;:&quot;https:\\\/\\\/gostmediaserviceprod.blob.core.windows.net\\\/asset-ffb9e9c4-50e8-4174-925d-37da35feba90\\\/Video hjemmeside_1920x1080_4700k.mp4&quot;,&quot;background_play_on_mobile&quot;:&quot;yes&quot;}\">\n\t\t\t\t\t<div class=\"e-con-inner\">\n\t\t<div class=\"elementor-background-video-container\">\n\t\t\t\t\t\t\t<video class=\"elementor-background-video-hosted elementor-html5-video\" autoplay muted playsinline loop><\/video>\n\t\t\t\t\t<\/div><div class=\"elementor-element elementor-element-7288ac0c e-con-full no-padding e-flex e-con e-child\" data-id=\"7288ac0c\" data-element_type=\"container\">\n\t\t<div class=\"elementor-element elementor-element-2391fa76 e-con-full no-padding e-flex e-con e-child\" data-id=\"2391fa76\" data-element_type=\"container\">\n\t\t\t\t<div class=\"elementor-element elementor-element-5d1ba5f9 elementor-widget__width-initial elementor-widget elementor-widget-heading\" data-id=\"5d1ba5f9\" data-element_type=\"widget\" data-widget_type=\"heading.default\">\n\t\t\t\t<div class=\"elementor-widget-container\">\n\t\t\t\t\t<h2 class=\"elementor-heading-title elementor-size-default\">Fokus und Geschichte<\/h2>\t\t\t\t<\/div>\n\t\t\t\t<\/div>\n\t\t\t\t<\/div>\n\t\t<div class=\"elementor-element elementor-element-f7f77e1 e-con-full no-padding elementor-hidden-mobile e-flex e-con e-child\" data-id=\"f7f77e1\" data-element_type=\"container\">\n\t\t\t\t<\/div>\n\t\t\t\t<\/div>\n\t\t\t\t\t<\/div>\n\t\t\t\t<\/div>\n\t\t<div class=\"elementor-element elementor-element-2c973f16 e-flex e-con-boxed e-con e-parent\" data-id=\"2c973f16\" data-element_type=\"container\">\n\t\t\t\t\t<div class=\"e-con-inner\">\n\t\t<div class=\"elementor-element elementor-element-bdda650 e-con-full e-flex e-con e-child\" data-id=\"bdda650\" data-element_type=\"container\">\n\t\t\t\t<div class=\"elementor-element elementor-element-1498030 elementor-widget__width-inherit elementor-invisible elementor-widget elementor-widget-heading\" data-id=\"1498030\" data-element_type=\"widget\" data-settings=\"{&quot;_animation&quot;:&quot;fadeInUp&quot;,&quot;_animation_delay&quot;:200}\" data-widget_type=\"heading.default\">\n\t\t\t\t<div class=\"elementor-widget-container\">\n\t\t\t\t\t<h6 class=\"elementor-heading-title elementor-size-default\">DanSelection A\/S<\/h6>\t\t\t\t<\/div>\n\t\t\t\t<\/div>\n\t\t\t\t<div class=\"elementor-element elementor-element-46ec9023 elementor-widget__width-inherit elementor-invisible elementor-widget elementor-widget-heading\" data-id=\"46ec9023\" data-element_type=\"widget\" data-settings=\"{&quot;_animation&quot;:&quot;fadeInUp&quot;,&quot;_animation_delay&quot;:400}\" data-widget_type=\"heading.default\">\n\t\t\t\t<div class=\"elementor-widget-container\">\n\t\t\t\t\t<h1 class=\"elementor-heading-title elementor-size-default\">Unser Fokus und unsere Geschichte<\/h1>\t\t\t\t<\/div>\n\t\t\t\t<\/div>\n\t\t\t\t<div class=\"elementor-element elementor-element-465aa1bf elementor-widget__width-inherit elementor-invisible elementor-widget elementor-widget-text-editor\" data-id=\"465aa1bf\" data-element_type=\"widget\" data-settings=\"{&quot;_animation&quot;:&quot;fadeInUp&quot;,&quot;_animation_delay&quot;:600}\" data-widget_type=\"text-editor.default\">\n\t\t\t\t<div class=\"elementor-widget-container\">\n\t\t\t\t\t\t\t\t\t<p>Wir bei DanSelection m\u00f6chten unseren Kunden die bestm\u00f6glichen Weihnachtsbaumverk\u00e4ufe erm\u00f6glichen und sicherstellen, dass Kunden, die bei uns einkaufen, einen sch\u00f6nen Baum mit nach Hause nehmen k\u00f6nnen, denn er ist ein wichtiger Bestandteil eines sch\u00f6nen Weihnachtsfestes. Dies gew\u00e4hrleisten wir durch unsere Bem\u00fchungen in folgenden Bereichen:<\/p>\n<ul>\n<li><strong>Lieferkontrolle und Marktkenntnis:<\/strong> Die Saison beginnt f\u00fcr uns im Dezember des Vorjahres. Wir reisen durch Europa, um zu sehen, welche Baumarten in den umliegenden Gesch\u00e4ften erh\u00e4ltlich sind und wie wir verkaufen. Dabei treffen wir uns auch gerne mit Kunden und besprechen Anpassungsw\u00fcnsche f\u00fcr die Lieferungen im n\u00e4chsten Jahr.<\/li>\n<li><strong>Angebot:<\/strong> Die Erstellung unseres Angebots beginnt im Januar. Dann haben wir alle die Saison noch frisch im Kopf und k\u00f6nnen optimal \u00fcber das n\u00e4chste Jahr sprechen. Wir bem\u00fchen uns, Angebote bereits im M\u00e4rz zu kl\u00e4ren und Auftragsbest\u00e4tigungen zu versenden. Dann bleibt ausreichend Zeit f\u00fcr die Vorbereitungen.<\/li>\n<li><strong>Etikettendesign:<\/strong> Unsere Kunden haben oft W\u00fcnsche zu ihren Etiketten. Dies k\u00f6nnen Fragen zu Logos oder Farbschemata sein, die abgestimmt werden m\u00fcssen. Wir haben auch eine Reihe von W\u00fcnschen, im Vergleich zu anderen Etiketten ist dieser<\/li>\n<\/ul>\n\t\t\t\t\t\t\t\t<\/div>\n\t\t\t\t<\/div>\n\t\t\t\t<\/div>\n\t\t<div class=\"elementor-element elementor-element-3e1934ff e-con-full e-flex e-con e-child\" data-id=\"3e1934ff\" data-element_type=\"container\" data-settings=\"{&quot;background_background&quot;:&quot;classic&quot;}\">\n\t\t\t\t<\/div>\n\t\t\t\t\t<\/div>\n\t\t\t\t<\/div>\n\t\t<div class=\"elementor-element elementor-element-6613562c e-flex e-con-boxed e-con e-parent\" data-id=\"6613562c\" data-element_type=\"container\">\n\t\t\t\t\t<div class=\"e-con-inner\">\n\t\t<div class=\"elementor-element elementor-element-23922699 e-con-full e-flex e-con e-child\" data-id=\"23922699\" data-element_type=\"container\" data-settings=\"{&quot;background_background&quot;:&quot;classic&quot;}\">\n\t\t\t\t<\/div>\n\t\t<div class=\"elementor-element elementor-element-691e899a e-con-full e-flex e-con e-child\" data-id=\"691e899a\" data-element_type=\"container\">\n\t\t\t\t<div class=\"elementor-element elementor-element-3520ea0a elementor-widget__width-inherit elementor-invisible elementor-widget elementor-widget-heading\" data-id=\"3520ea0a\" data-element_type=\"widget\" data-settings=\"{&quot;_animation&quot;:&quot;fadeInUp&quot;,&quot;_animation_delay&quot;:200}\" data-widget_type=\"heading.default\">\n\t\t\t\t<div class=\"elementor-widget-container\">\n\t\t\t\t\t<h6 class=\"elementor-heading-title elementor-size-default\">100% Kundenzufriedenheit<\/h6>\t\t\t\t<\/div>\n\t\t\t\t<\/div>\n\t\t\t\t<div class=\"elementor-element elementor-element-5f1ab754 elementor-widget__width-inherit elementor-invisible elementor-widget elementor-widget-text-editor\" data-id=\"5f1ab754\" data-element_type=\"widget\" data-settings=\"{&quot;_animation&quot;:&quot;fadeInUp&quot;,&quot;_animation_delay&quot;:400}\" data-widget_type=\"text-editor.default\">\n\t\t\t\t<div class=\"elementor-widget-container\">\n\t\t\t\t\t\t\t\t\t<ul>\n<li><strong>Produktkontrolle:<\/strong> Sobald das Etikett am Baum angebracht ist, ist die Arbeit noch nicht beendet. Es bedarf einer kontinuierlichen Kontrolle, um sicherzustellen, dass die markierte Linie korrekt ist und sich der Baum in die erwartete Richtung entwickelt. Wir kontrollieren die B\u00e4ume daher kontinuierlich, um nicht von pl\u00f6tzlichem Nadelverlust, Algenbildung oder anderen Problemen \u00fcberrascht zu werden.<\/li>\n<li><strong>Verpackung:<\/strong> Wie unsere Kunden ihre B\u00e4ume verpackt bekommen, h\u00e4ngt stark davon ab, wo und wie sie verkauft werden. Wir haben in Zusammenarbeit mit unseren Kunden und Produzenten mehrere neue Verpackungsdefinitionen entwickelt und stehen Ihnen auf Wunsch gerne zur Verf\u00fcgung.<\/li>\n<li><strong>Logistik:<\/strong> Die Lieferung zum richtigen Zeitpunkt und Ort ist f\u00fcr unseren Service selbstverst\u00e4ndlich wichtig. Auch das Verladen der B\u00e4ume an den einzelnen Standorten erfordert mehr Aufwand als herk\u00f6mmliches Verladen.<\/li>\n<\/ul>\n\t\t\t\t\t\t\t\t<\/div>\n\t\t\t\t<\/div>\n\t\t\t\t<\/div>\n\t\t\t\t\t<\/div>\n\t\t\t\t<\/div>\n\t\t<div class=\"elementor-element elementor-element-8aacc24 e-grid dark e-con-boxed e-con e-parent\" data-id=\"8aacc24\" data-element_type=\"container\" data-settings=\"{&quot;background_background&quot;:&quot;classic&quot;}\">\n\t\t\t\t\t<div class=\"e-con-inner\">\n\t\t<div class=\"elementor-element elementor-element-1bb00d7 e-con-full e-flex elementor-invisible e-con e-child\" data-id=\"1bb00d7\" data-element_type=\"container\" data-settings=\"{&quot;motion_fx_motion_fx_scrolling&quot;:&quot;yes&quot;,&quot;animation&quot;:&quot;fadeIn&quot;,&quot;motion_fx_devices&quot;:[&quot;desktop&quot;,&quot;laptop&quot;,&quot;tablet&quot;,&quot;mobile&quot;]}\">\n\t\t\t\t<div class=\"elementor-element elementor-element-6bf587f elementor-view-default elementor-widget elementor-widget-icon\" data-id=\"6bf587f\" data-element_type=\"widget\" data-widget_type=\"icon.default\">\n\t\t\t\t<div class=\"elementor-widget-container\">\n\t\t\t\t\t\t\t<div class=\"elementor-icon-wrapper\">\n\t\t\t<div class=\"elementor-icon\">\n\t\t\t<i aria-hidden=\"true\" class=\"fad fa-check-double\"><\/i>\t\t\t<\/div>\n\t\t<\/div>\n\t\t\t\t\t\t<\/div>\n\t\t\t\t<\/div>\n\t\t\t\t<div class=\"elementor-element elementor-element-4c5dde7 elementor-widget elementor-widget-heading\" data-id=\"4c5dde7\" data-element_type=\"widget\" data-widget_type=\"heading.default\">\n\t\t\t\t<div class=\"elementor-widget-container\">\n\t\t\t\t\t<h2 class=\"elementor-heading-title elementor-size-default\">Gr\u00fcndliche Kommunikation<\/h2>\t\t\t\t<\/div>\n\t\t\t\t<\/div>\n\t\t\t\t<div class=\"elementor-element elementor-element-fb554fb elementor-widget elementor-widget-text-editor\" data-id=\"fb554fb\" data-element_type=\"widget\" data-widget_type=\"text-editor.default\">\n\t\t\t\t<div class=\"elementor-widget-container\">\n\t\t\t\t\t\t\t\t\t<p>Wir wissen, dass die Bed\u00fcrfnisse und W\u00fcnsche unserer Kunden unterschiedlich sein k\u00f6nnen. Deshalb besprechen wir dies immer zun\u00e4chst mit Ihnen.<\/p>\n\t\t\t\t\t\t\t\t<\/div>\n\t\t\t\t<\/div>\n\t\t\t\t<\/div>\n\t\t<div class=\"elementor-element elementor-element-8620d46 e-con-full e-flex elementor-invisible e-con e-child\" data-id=\"8620d46\" data-element_type=\"container\" data-settings=\"{&quot;motion_fx_motion_fx_scrolling&quot;:&quot;yes&quot;,&quot;animation&quot;:&quot;fadeIn&quot;,&quot;motion_fx_devices&quot;:[&quot;desktop&quot;,&quot;laptop&quot;,&quot;tablet&quot;,&quot;mobile&quot;]}\">\n\t\t\t\t<div class=\"elementor-element elementor-element-703cb41 elementor-view-default elementor-widget elementor-widget-icon\" data-id=\"703cb41\" data-element_type=\"widget\" data-widget_type=\"icon.default\">\n\t\t\t\t<div class=\"elementor-widget-container\">\n\t\t\t\t\t\t\t<div class=\"elementor-icon-wrapper\">\n\t\t\t<div class=\"elementor-icon\">\n\t\t\t<i aria-hidden=\"true\" class=\"fad fa-badge-check\"><\/i>\t\t\t<\/div>\n\t\t<\/div>\n\t\t\t\t\t\t<\/div>\n\t\t\t\t<\/div>\n\t\t\t\t<div class=\"elementor-element elementor-element-fb61981 elementor-widget elementor-widget-heading\" data-id=\"fb61981\" data-element_type=\"widget\" data-widget_type=\"heading.default\">\n\t\t\t\t<div class=\"elementor-widget-container\">\n\t\t\t\t\t<h2 class=\"elementor-heading-title elementor-size-default\">Hohe Qualit\u00e4t<\/h2>\t\t\t\t<\/div>\n\t\t\t\t<\/div>\n\t\t\t\t<div class=\"elementor-element elementor-element-d76decb elementor-widget elementor-widget-text-editor\" data-id=\"d76decb\" data-element_type=\"widget\" data-widget_type=\"text-editor.default\">\n\t\t\t\t<div class=\"elementor-widget-container\">\n\t\t\t\t\t\t\t\t\t<p>Bei uns k\u00f6nnen Sie sich stets auf guten Service und hohe Qualit\u00e4t verlassen. Wir beenden einen Auftrag erst, wenn er zu 100 % abgeschlossen ist und beide Parteien mit dem Ergebnis zufrieden sind.<\/p>\n\t\t\t\t\t\t\t\t<\/div>\n\t\t\t\t<\/div>\n\t\t\t\t<\/div>\n\t\t<div class=\"elementor-element elementor-element-ad1a3d0 e-con-full e-flex elementor-invisible e-con e-child\" data-id=\"ad1a3d0\" data-element_type=\"container\" data-settings=\"{&quot;motion_fx_motion_fx_scrolling&quot;:&quot;yes&quot;,&quot;animation&quot;:&quot;fadeIn&quot;,&quot;motion_fx_devices&quot;:[&quot;desktop&quot;,&quot;laptop&quot;,&quot;tablet&quot;,&quot;mobile&quot;]}\">\n\t\t\t\t<div class=\"elementor-element elementor-element-fd1a5b0 elementor-view-default elementor-widget elementor-widget-icon\" data-id=\"fd1a5b0\" data-element_type=\"widget\" data-widget_type=\"icon.default\">\n\t\t\t\t<div class=\"elementor-widget-container\">\n\t\t\t\t\t\t\t<div class=\"elementor-icon-wrapper\">\n\t\t\t<div class=\"elementor-icon\">\n\t\t\t<i aria-hidden=\"true\" class=\"fad fa-handshake\"><\/i>\t\t\t<\/div>\n\t\t<\/div>\n\t\t\t\t\t\t<\/div>\n\t\t\t\t<\/div>\n\t\t\t\t<div class=\"elementor-element elementor-element-9050618 elementor-widget elementor-widget-heading\" data-id=\"9050618\" data-element_type=\"widget\" data-widget_type=\"heading.default\">\n\t\t\t\t<div class=\"elementor-widget-container\">\n\t\t\t\t\t<h2 class=\"elementor-heading-title elementor-size-default\">Enger Dialog<\/h2>\t\t\t\t<\/div>\n\t\t\t\t<\/div>\n\t\t\t\t<div class=\"elementor-element elementor-element-94595bf elementor-widget elementor-widget-text-editor\" data-id=\"94595bf\" data-element_type=\"widget\" data-widget_type=\"text-editor.default\">\n\t\t\t\t<div class=\"elementor-widget-container\">\n\t\t\t\t\t\t\t\t\t<p>Sobald wir mit der Arbeit begonnen haben, gehen wir bei Qualit\u00e4t und Service keine Kompromisse ein. Wir begleiten jeden Auftrag zu 100 % bis zum Abschluss und legen gr\u00f6\u00dften Wert darauf, alle Vereinbarungen einzuhalten \u2013 vom Preis bis zur Deadline.<\/p>\n\t\t\t\t\t\t\t\t<\/div>\n\t\t\t\t<\/div>\n\t\t\t\t<\/div>\n\t\t\t\t\t<\/div>\n\t\t\t\t<\/div>\n\t\t\t\t<\/div>\n\t\t","protected":false},"excerpt":{"rendered":"<p>Fokus und Geschichte DanSelection A\/S Unser Fokus und unsere Geschichte Wir bei DanSelection m\u00f6chten unseren Kunden die bestm\u00f6glichen Weihnachtsbaumverk\u00e4ufe erm\u00f6glichen und sicherstellen, dass Kunden, die bei uns einkaufen, einen sch\u00f6nen Baum mit nach Hause nehmen k\u00f6nnen, denn er ist ein wichtiger Bestandteil eines sch\u00f6nen Weihnachtsfestes. Dies gew\u00e4hrleisten wir durch unsere Bem\u00fchungen in folgenden Bereichen: Lieferkontrolle &#8230; <a title=\"Fokus und Geschichte\" class=\"read-more\" href=\"https:\/\/danselection.com\/de\/fokus-und-geschichte\/\" aria-label=\"Mehr Informationen \u00fcber Fokus und Geschichte\">Weiterlesen &#8230;<\/a><\/p>\n","protected":false},"author":5,"featured_media":10198,"parent":0,"menu_order":1007,"comment_status":"closed","ping_status":"closed","template":"","meta":{"_acf_changed":false,"footnotes":""},"categories":[],"class_list":["post-10276","page","type-page","status-publish","has-post-thumbnail"],"acf":[],"yoast_head":"<!-- This site is optimized with the Yoast SEO plugin v27.4 - https:\/\/yoast.com\/product\/yoast-seo-wordpress\/ -->\n<title>Fokus und Geschichte | DanSelection A\/S<\/title>\n<meta name=\"robots\" content=\"index, follow, max-snippet:-1, max-image-preview:large, max-video-preview:-1\" \/>\n<link rel=\"canonical\" href=\"https:\/\/danselection.com\/fokus-og-historie\/\" \/>\n<meta property=\"og:locale\" content=\"de_DE\" \/>\n<meta property=\"og:type\" content=\"article\" \/>\n<meta property=\"og:title\" content=\"Fokus und Geschichte | DanSelection A\/S\" \/>\n<meta property=\"og:description\" content=\"Fokus und Geschichte DanSelection A\/S Unser Fokus und unsere Geschichte Wir bei DanSelection m\u00f6chten unseren Kunden die bestm\u00f6glichen Weihnachtsbaumverk\u00e4ufe erm\u00f6glichen und sicherstellen, dass Kunden, die bei uns einkaufen, einen sch\u00f6nen Baum mit nach Hause nehmen k\u00f6nnen, denn er ist ein wichtiger Bestandteil eines sch\u00f6nen Weihnachtsfestes. Dies gew\u00e4hrleisten wir durch unsere Bem\u00fchungen in folgenden Bereichen: Lieferkontrolle ... Weiterlesen ...\" \/>\n<meta property=\"og:url\" content=\"https:\/\/danselection.com\/fokus-og-historie\/\" \/>\n<meta property=\"og:site_name\" content=\"DanSelection A\/S\" \/>\n<meta property=\"article:modified_time\" content=\"2025-07-14T11:10:59+00:00\" \/>\n<meta name=\"twitter:card\" content=\"summary_large_image\" \/>\n<meta name=\"twitter:label1\" content=\"Gesch\u00e4tzte Lesezeit\" \/>\n\t<meta name=\"twitter:data1\" content=\"2\u00a0Minuten\" \/>\n<script type=\"application\/ld+json\" class=\"yoast-schema-graph\">{\"@context\":\"https:\\\/\\\/schema.org\",\"@graph\":[{\"@type\":\"WebPage\",\"@id\":\"https:\\\/\\\/danselection.com\\\/fokus-og-historie\\\/\",\"url\":\"https:\\\/\\\/danselection.com\\\/fokus-og-historie\\\/\",\"name\":\"Fokus und Geschichte | DanSelection A\\\/S\",\"isPartOf\":{\"@id\":\"https:\\\/\\\/danselection.com\\\/#website\"},\"primaryImageOfPage\":{\"@id\":\"https:\\\/\\\/danselection.com\\\/fokus-og-historie\\\/#primaryimage\"},\"image\":{\"@id\":\"https:\\\/\\\/danselection.com\\\/fokus-og-historie\\\/#primaryimage\"},\"thumbnailUrl\":\"https:\\\/\\\/danselection.com\\\/wp-content\\\/uploads\\\/2025\\\/06\\\/LHTD7341-scaled.jpg\",\"datePublished\":\"2025-05-12T07:44:41+00:00\",\"dateModified\":\"2025-07-14T11:10:59+00:00\",\"breadcrumb\":{\"@id\":\"https:\\\/\\\/danselection.com\\\/fokus-og-historie\\\/#breadcrumb\"},\"inLanguage\":\"de\",\"potentialAction\":[{\"@type\":\"ReadAction\",\"target\":[\"https:\\\/\\\/danselection.com\\\/fokus-og-historie\\\/\"]}]},{\"@type\":\"ImageObject\",\"inLanguage\":\"de\",\"@id\":\"https:\\\/\\\/danselection.com\\\/fokus-og-historie\\\/#primaryimage\",\"url\":\"https:\\\/\\\/danselection.com\\\/wp-content\\\/uploads\\\/2025\\\/06\\\/LHTD7341-scaled.jpg\",\"contentUrl\":\"https:\\\/\\\/danselection.com\\\/wp-content\\\/uploads\\\/2025\\\/06\\\/LHTD7341-scaled.jpg\",\"width\":2048,\"height\":1152,\"caption\":\"default\"},{\"@type\":\"BreadcrumbList\",\"@id\":\"https:\\\/\\\/danselection.com\\\/fokus-og-historie\\\/#breadcrumb\",\"itemListElement\":[{\"@type\":\"ListItem\",\"position\":1,\"name\":\"Forside\",\"item\":\"https:\\\/\\\/danselection.com\\\/\"},{\"@type\":\"ListItem\",\"position\":2,\"name\":\"Fokus und Geschichte\"}]},{\"@type\":\"WebSite\",\"@id\":\"https:\\\/\\\/danselection.com\\\/#website\",\"url\":\"https:\\\/\\\/danselection.com\\\/\",\"name\":\"DanSelection A\\\/S\",\"description\":\"Engrosvirksomhed inden for danske juletr\u00e6er\",\"publisher\":{\"@id\":\"https:\\\/\\\/danselection.com\\\/#organization\"},\"potentialAction\":[{\"@type\":\"SearchAction\",\"target\":{\"@type\":\"EntryPoint\",\"urlTemplate\":\"https:\\\/\\\/danselection.com\\\/?s={search_term_string}\"},\"query-input\":{\"@type\":\"PropertyValueSpecification\",\"valueRequired\":true,\"valueName\":\"search_term_string\"}}],\"inLanguage\":\"de\"},{\"@type\":\"Organization\",\"@id\":\"https:\\\/\\\/danselection.com\\\/#organization\",\"name\":\"DanSelection A\\\/S\",\"url\":\"https:\\\/\\\/danselection.com\\\/\",\"logo\":{\"@type\":\"ImageObject\",\"inLanguage\":\"de\",\"@id\":\"https:\\\/\\\/danselection.com\\\/#\\\/schema\\\/logo\\\/image\\\/\",\"url\":\"https:\\\/\\\/danselection.com\\\/wp-content\\\/uploads\\\/2025\\\/05\\\/logo-sort.png\",\"contentUrl\":\"https:\\\/\\\/danselection.com\\\/wp-content\\\/uploads\\\/2025\\\/05\\\/logo-sort.png\",\"width\":520,\"height\":386,\"caption\":\"DanSelection A\\\/S\"},\"image\":{\"@id\":\"https:\\\/\\\/danselection.com\\\/#\\\/schema\\\/logo\\\/image\\\/\"}}]}<\/script>\n<!-- \/ Yoast SEO plugin. -->","yoast_head_json":{"title":"Fokus und Geschichte | DanSelection A\/S","robots":{"index":"index","follow":"follow","max-snippet":"max-snippet:-1","max-image-preview":"max-image-preview:large","max-video-preview":"max-video-preview:-1"},"canonical":"https:\/\/danselection.com\/fokus-og-historie\/","og_locale":"de_DE","og_type":"article","og_title":"Fokus und Geschichte | DanSelection A\/S","og_description":"Fokus und Geschichte DanSelection A\/S Unser Fokus und unsere Geschichte Wir bei DanSelection m\u00f6chten unseren Kunden die bestm\u00f6glichen Weihnachtsbaumverk\u00e4ufe erm\u00f6glichen und sicherstellen, dass Kunden, die bei uns einkaufen, einen sch\u00f6nen Baum mit nach Hause nehmen k\u00f6nnen, denn er ist ein wichtiger Bestandteil eines sch\u00f6nen Weihnachtsfestes. Dies gew\u00e4hrleisten wir durch unsere Bem\u00fchungen in folgenden Bereichen: Lieferkontrolle ... Weiterlesen ...","og_url":"https:\/\/danselection.com\/fokus-og-historie\/","og_site_name":"DanSelection A\/S","article_modified_time":"2025-07-14T11:10:59+00:00","twitter_card":"summary_large_image","twitter_misc":{"Gesch\u00e4tzte Lesezeit":"2\u00a0Minuten"},"schema":{"@context":"https:\/\/schema.org","@graph":[{"@type":"WebPage","@id":"https:\/\/danselection.com\/fokus-og-historie\/","url":"https:\/\/danselection.com\/fokus-og-historie\/","name":"Fokus und Geschichte | DanSelection A\/S","isPartOf":{"@id":"https:\/\/danselection.com\/#website"},"primaryImageOfPage":{"@id":"https:\/\/danselection.com\/fokus-og-historie\/#primaryimage"},"image":{"@id":"https:\/\/danselection.com\/fokus-og-historie\/#primaryimage"},"thumbnailUrl":"https:\/\/danselection.com\/wp-content\/uploads\/2025\/06\/LHTD7341-scaled.jpg","datePublished":"2025-05-12T07:44:41+00:00","dateModified":"2025-07-14T11:10:59+00:00","breadcrumb":{"@id":"https:\/\/danselection.com\/fokus-og-historie\/#breadcrumb"},"inLanguage":"de","potentialAction":[{"@type":"ReadAction","target":["https:\/\/danselection.com\/fokus-og-historie\/"]}]},{"@type":"ImageObject","inLanguage":"de","@id":"https:\/\/danselection.com\/fokus-og-historie\/#primaryimage","url":"https:\/\/danselection.com\/wp-content\/uploads\/2025\/06\/LHTD7341-scaled.jpg","contentUrl":"https:\/\/danselection.com\/wp-content\/uploads\/2025\/06\/LHTD7341-scaled.jpg","width":2048,"height":1152,"caption":"default"},{"@type":"BreadcrumbList","@id":"https:\/\/danselection.com\/fokus-og-historie\/#breadcrumb","itemListElement":[{"@type":"ListItem","position":1,"name":"Forside","item":"https:\/\/danselection.com\/"},{"@type":"ListItem","position":2,"name":"Fokus und Geschichte"}]},{"@type":"WebSite","@id":"https:\/\/danselection.com\/#website","url":"https:\/\/danselection.com\/","name":"DanSelection A\/S","description":"Engrosvirksomhed inden for danske juletr\u00e6er","publisher":{"@id":"https:\/\/danselection.com\/#organization"},"potentialAction":[{"@type":"SearchAction","target":{"@type":"EntryPoint","urlTemplate":"https:\/\/danselection.com\/?s={search_term_string}"},"query-input":{"@type":"PropertyValueSpecification","valueRequired":true,"valueName":"search_term_string"}}],"inLanguage":"de"},{"@type":"Organization","@id":"https:\/\/danselection.com\/#organization","name":"DanSelection A\/S","url":"https:\/\/danselection.com\/","logo":{"@type":"ImageObject","inLanguage":"de","@id":"https:\/\/danselection.com\/#\/schema\/logo\/image\/","url":"https:\/\/danselection.com\/wp-content\/uploads\/2025\/05\/logo-sort.png","contentUrl":"https:\/\/danselection.com\/wp-content\/uploads\/2025\/05\/logo-sort.png","width":520,"height":386,"caption":"DanSelection A\/S"},"image":{"@id":"https:\/\/danselection.com\/#\/schema\/logo\/image\/"}}]}},"_links":{"self":[{"href":"https:\/\/danselection.com\/de\/wp-json\/wp\/v2\/pages\/10276","targetHints":{"allow":["GET"]}}],"collection":[{"href":"https:\/\/danselection.com\/de\/wp-json\/wp\/v2\/pages"}],"about":[{"href":"https:\/\/danselection.com\/de\/wp-json\/wp\/v2\/types\/page"}],"author":[{"embeddable":true,"href":"https:\/\/danselection.com\/de\/wp-json\/wp\/v2\/users\/5"}],"replies":[{"embeddable":true,"href":"https:\/\/danselection.com\/de\/wp-json\/wp\/v2\/comments?post=10276"}],"version-history":[{"count":1,"href":"https:\/\/danselection.com\/de\/wp-json\/wp\/v2\/pages\/10276\/revisions"}],"predecessor-version":[{"id":10277,"href":"https:\/\/danselection.com\/de\/wp-json\/wp\/v2\/pages\/10276\/revisions\/10277"}],"wp:featuredmedia":[{"embeddable":true,"href":"https:\/\/danselection.com\/de\/wp-json\/wp\/v2\/media\/10198"}],"wp:attachment":[{"href":"https:\/\/danselection.com\/de\/wp-json\/wp\/v2\/media?parent=10276"}],"wp:term":[{"taxonomy":"category","embeddable":true,"href":"https:\/\/danselection.com\/de\/wp-json\/wp\/v2\/categories?post=10276"}],"curies":[{"name":"wp","href":"https:\/\/api.w.org\/{rel}","templated":true}]}}